{"id":30144,"date":"2025-09-02T18:09:08","date_gmt":"2025-09-02T15:09:08","guid":{"rendered":"https:\/\/oedparts.com\/urun\/1336821-0237220400-2376002600-sesi-amortisoru-saf-9-738302\/"},"modified":"2025-09-02T18:09:29","modified_gmt":"2025-09-02T15:09:29","slug":"1336821-0237220400-2376002600-sesi-amortisoru-saf-9-738302","status":"publish","type":"product","link":"https:\/\/oedparts.com\/ru\/urun\/1336821-0237220400-2376002600-sesi-amortisoru-saf-9-738302\/","title":{"rendered":"1336821 &#8211; 0237220400 &#8211; 2376002600 &#8211; \u015eES\u0130 AMORT\u0130S\u00d6R\u00dc &#8211; SAF &#8211; 9.738302"},"content":{"rendered":"","protected":false},"excerpt":{"rendered":"<p>1336821 &#8211; 0237220400 &#8211; 2376002600 &#8211; \u015eES\u0130 AMORT\u0130S\u00d6R\u00dc &#8211; SAF<\/p>\n","protected":false},"featured_media":30145,"comment_status":"closed","ping_status":"open","template":"","meta":[],"product_brand":[],"product_cat":[12812,12865],"product_tag":[],"class_list":{"0":"post-30144","1":"product","2":"type-product","3":"status-publish","4":"has-post-thumbnail","6":"product_cat-bpw","7":"product_cat-saf","8":"pa_arac-tipi-avrupa-amerikan","9":"pa_marka-saf-bpw","10":"pa_oed-no-9-738302","11":"pa_oem-no-1336821-0237220400-2376002600","12":"pa_urun-adi-sesi-amortisoru","14":"first","15":"instock","16":"product-type-simple"},"_links":{"self":[{"href":"https:\/\/oedparts.com\/ru\/wp-json\/wp\/v2\/product\/30144","targetHints":{"allow":["GET"]}}],"collection":[{"href":"https:\/\/oedparts.com\/ru\/wp-json\/wp\/v2\/product"}],"about":[{"href":"https:\/\/oedparts.com\/ru\/wp-json\/wp\/v2\/types\/product"}],"replies":[{"embeddable":true,"href":"https:\/\/oedparts.com\/ru\/wp-json\/wp\/v2\/comments?post=30144"}],"wp:featuredmedia":[{"embeddable":true,"href":"https:\/\/oedparts.com\/ru\/wp-json\/wp\/v2\/media\/30145"}],"wp:attachment":[{"href":"https:\/\/oedparts.com\/ru\/wp-json\/wp\/v2\/media?parent=30144"}],"wp:term":[{"taxonomy":"product_brand","embeddable":true,"href":"https:\/\/oedparts.com\/ru\/wp-json\/wp\/v2\/product_brand?post=30144"},{"taxonomy":"product_cat","embeddable":true,"href":"https:\/\/oedparts.com\/ru\/wp-json\/wp\/v2\/product_cat?post=30144"},{"taxonomy":"product_tag","embeddable":true,"href":"https:\/\/oedparts.com\/ru\/wp-json\/wp\/v2\/product_tag?post=30144"}],"curies":[{"name":"wp","href":"https:\/\/api.w.org\/{rel}","templated":true}]}}