{"id":30116,"date":"2025-09-02T18:09:08","date_gmt":"2025-09-02T15:09:08","guid":{"rendered":"https:\/\/oedparts.com\/urun\/01904698-02992185-1904698-2992185-dingil-tamir-takimi-iveco-7-904698\/"},"modified":"2025-09-02T18:09:08","modified_gmt":"2025-09-02T15:09:08","slug":"01904698-02992185-1904698-2992185-dingil-tamir-takimi-iveco-7-904698","status":"publish","type":"product","link":"https:\/\/oedparts.com\/ru\/urun\/01904698-02992185-1904698-2992185-dingil-tamir-takimi-iveco-7-904698\/","title":{"rendered":"01904698 &#8211; 02992185 &#8211; 1904698 &#8211; 2992185 &#8211; D\u0130NG\u0130L TAM\u0130R TAKIMI &#8211; IVECO &#8211; 7.904698"},"content":{"rendered":"","protected":false},"excerpt":{"rendered":"<p>01904698 &#8211; 02992185 &#8211; 1904698 &#8211; 2992185 &#8211; D\u0130NG\u0130L TAM\u0130R TAKIMI &#8211; IVECO<\/p>\n","protected":false},"featured_media":30117,"comment_status":"closed","ping_status":"open","template":"","meta":[],"product_brand":[],"product_cat":[12475],"product_tag":[],"class_list":{"0":"post-30116","1":"product","2":"type-product","3":"status-publish","4":"has-post-thumbnail","6":"product_cat-iveco","7":"pa_arac-tipi-avrupa","8":"pa_marka-iveco","9":"pa_model-eurocargo-eurostar-stralis-trakker-x-way","10":"pa_oed-no-7-904698","11":"pa_oem-no-01904698-02992185-1904698-2992185","12":"pa_urun-adi-dingil-tamir-takimi","14":"first","15":"instock","16":"product-type-simple"},"_links":{"self":[{"href":"https:\/\/oedparts.com\/ru\/wp-json\/wp\/v2\/product\/30116","targetHints":{"allow":["GET"]}}],"collection":[{"href":"https:\/\/oedparts.com\/ru\/wp-json\/wp\/v2\/product"}],"about":[{"href":"https:\/\/oedparts.com\/ru\/wp-json\/wp\/v2\/types\/product"}],"replies":[{"embeddable":true,"href":"https:\/\/oedparts.com\/ru\/wp-json\/wp\/v2\/comments?post=30116"}],"wp:featuredmedia":[{"embeddable":true,"href":"https:\/\/oedparts.com\/ru\/wp-json\/wp\/v2\/media\/30117"}],"wp:attachment":[{"href":"https:\/\/oedparts.com\/ru\/wp-json\/wp\/v2\/media?parent=30116"}],"wp:term":[{"taxonomy":"product_brand","embeddable":true,"href":"https:\/\/oedparts.com\/ru\/wp-json\/wp\/v2\/product_brand?post=30116"},{"taxonomy":"product_cat","embeddable":true,"href":"https:\/\/oedparts.com\/ru\/wp-json\/wp\/v2\/product_cat?post=30116"},{"taxonomy":"product_tag","embeddable":true,"href":"https:\/\/oedparts.com\/ru\/wp-json\/wp\/v2\/product_tag?post=30116"}],"curies":[{"name":"wp","href":"https:\/\/api.w.org\/{rel}","templated":true}]}}