{"id":30096,"date":"2025-09-02T18:08:45","date_gmt":"2025-09-02T15:08:45","guid":{"rendered":"https:\/\/oedparts.com\/urun\/8138252-kabin-kaldirma-silindiri-iveco-7-718252\/"},"modified":"2025-09-02T18:08:59","modified_gmt":"2025-09-02T15:08:59","slug":"8138252-kabin-kaldirma-silindiri-iveco-7-718252","status":"publish","type":"product","link":"https:\/\/oedparts.com\/ru\/urun\/8138252-kabin-kaldirma-silindiri-iveco-7-718252\/","title":{"rendered":"8138252 &#8211; KAB\u0130N KALDIRMA S\u0130L\u0130ND\u0130R\u0130 &#8211; IVECO &#8211; 7.718252"},"content":{"rendered":"","protected":false},"excerpt":{"rendered":"<p>8138252 &#8211; KAB\u0130N KALDIRMA S\u0130L\u0130ND\u0130R\u0130 &#8211; IVECO<\/p>\n","protected":false},"featured_media":30097,"comment_status":"closed","ping_status":"open","template":"","meta":[],"product_brand":[],"product_cat":[12475],"product_tag":[],"class_list":{"0":"post-30096","1":"product","2":"type-product","3":"status-publish","4":"has-post-thumbnail","6":"product_cat-iveco","7":"pa_arac-tipi-avrupa","8":"pa_marka-iveco","9":"pa_model-eurostar-eurotech-eurotrakker","10":"pa_oed-no-7-718252","11":"pa_oem-no-16078","12":"pa_urun-adi-kabin-kaldirma-silindiri","14":"first","15":"instock","16":"product-type-simple"},"_links":{"self":[{"href":"https:\/\/oedparts.com\/ru\/wp-json\/wp\/v2\/product\/30096","targetHints":{"allow":["GET"]}}],"collection":[{"href":"https:\/\/oedparts.com\/ru\/wp-json\/wp\/v2\/product"}],"about":[{"href":"https:\/\/oedparts.com\/ru\/wp-json\/wp\/v2\/types\/product"}],"replies":[{"embeddable":true,"href":"https:\/\/oedparts.com\/ru\/wp-json\/wp\/v2\/comments?post=30096"}],"wp:featuredmedia":[{"embeddable":true,"href":"https:\/\/oedparts.com\/ru\/wp-json\/wp\/v2\/media\/30097"}],"wp:attachment":[{"href":"https:\/\/oedparts.com\/ru\/wp-json\/wp\/v2\/media?parent=30096"}],"wp:term":[{"taxonomy":"product_brand","embeddable":true,"href":"https:\/\/oedparts.com\/ru\/wp-json\/wp\/v2\/product_brand?post=30096"},{"taxonomy":"product_cat","embeddable":true,"href":"https:\/\/oedparts.com\/ru\/wp-json\/wp\/v2\/product_cat?post=30096"},{"taxonomy":"product_tag","embeddable":true,"href":"https:\/\/oedparts.com\/ru\/wp-json\/wp\/v2\/product_tag?post=30096"}],"curies":[{"name":"wp","href":"https:\/\/api.w.org\/{rel}","templated":true}]}}