{"id":29816,"date":"2025-09-02T18:07:58","date_gmt":"2025-09-02T15:07:58","guid":{"rendered":"https:\/\/oedparts.com\/urun\/81-44205-6030-81-44205-6031-81-44205-6037-81-44205-6038-2v5-498-619-a-dingil-tamir-takimi-man-6-906030\/"},"modified":"2025-09-02T18:07:59","modified_gmt":"2025-09-02T15:07:59","slug":"81-44205-6030-81-44205-6031-81-44205-6037-81-44205-6038-2v5-498-619-a-dingil-tamir-takimi-man-6-906030","status":"publish","type":"product","link":"https:\/\/oedparts.com\/ru\/urun\/81-44205-6030-81-44205-6031-81-44205-6037-81-44205-6038-2v5-498-619-a-dingil-tamir-takimi-man-6-906030\/","title":{"rendered":"81.44205.6030 &#8211; 81.44205.6031 &#8211; 81.44205.6037 &#8211; 81.44205.6038 &#8211; 2V5 498 619 A &#8211; D\u0130NG\u0130L TAM\u0130R TAKIMI &#8211; MAN &#8211; 6.906030"},"content":{"rendered":"","protected":false},"excerpt":{"rendered":"<p>81.44205.6030 &#8211; 81.44205.6031 &#8211; 81.44205.6037 &#8211; 81.44205.6038 &#8211; 2V5 498 619 A &#8211; D\u0130NG\u0130L TAM\u0130R TAKIMI &#8211; MAN<\/p>\n","protected":false},"featured_media":29817,"comment_status":"closed","ping_status":"open","template":"","meta":[],"product_brand":[],"product_cat":[12476,12785],"product_tag":[],"class_list":{"0":"post-29816","1":"product","2":"type-product","3":"status-publish","4":"has-post-thumbnail","6":"product_cat-man","7":"product_cat-vw-trucks","8":"pa_arac-tipi-avrupa","9":"pa_marka-man-vw-trucks","10":"pa_model-tga-tgs-tgx","11":"pa_oed-no-6-906030","12":"pa_oem-no-81-44205-6030-81-44205-6031-81-44205-6037-81-44205-6038-2v5-498-619-a","13":"pa_urun-adi-dingil-tamir-takimi","15":"first","16":"instock","17":"product-type-simple"},"_links":{"self":[{"href":"https:\/\/oedparts.com\/ru\/wp-json\/wp\/v2\/product\/29816","targetHints":{"allow":["GET"]}}],"collection":[{"href":"https:\/\/oedparts.com\/ru\/wp-json\/wp\/v2\/product"}],"about":[{"href":"https:\/\/oedparts.com\/ru\/wp-json\/wp\/v2\/types\/product"}],"replies":[{"embeddable":true,"href":"https:\/\/oedparts.com\/ru\/wp-json\/wp\/v2\/comments?post=29816"}],"wp:featuredmedia":[{"embeddable":true,"href":"https:\/\/oedparts.com\/ru\/wp-json\/wp\/v2\/media\/29817"}],"wp:attachment":[{"href":"https:\/\/oedparts.com\/ru\/wp-json\/wp\/v2\/media?parent=29816"}],"wp:term":[{"taxonomy":"product_brand","embeddable":true,"href":"https:\/\/oedparts.com\/ru\/wp-json\/wp\/v2\/product_brand?post=29816"},{"taxonomy":"product_cat","embeddable":true,"href":"https:\/\/oedparts.com\/ru\/wp-json\/wp\/v2\/product_cat?post=29816"},{"taxonomy":"product_tag","embeddable":true,"href":"https:\/\/oedparts.com\/ru\/wp-json\/wp\/v2\/product_tag?post=29816"}],"curies":[{"name":"wp","href":"https:\/\/api.w.org\/{rel}","templated":true}]}}