{"id":29780,"date":"2025-09-02T18:07:09","date_gmt":"2025-09-02T15:07:09","guid":{"rendered":"https:\/\/oedparts.com\/urun\/81417236137-85417236009-85417236029-kabin-kaldirma-silindiri-man-6-716137\/"},"modified":"2025-09-02T18:07:16","modified_gmt":"2025-09-02T15:07:16","slug":"81417236137-85417236009-85417236029-kabin-kaldirma-silindiri-man-6-716137","status":"publish","type":"product","link":"https:\/\/oedparts.com\/ru\/urun\/81417236137-85417236009-85417236029-kabin-kaldirma-silindiri-man-6-716137\/","title":{"rendered":"81417236137 &#8211; 85417236009 &#8211; 85417236029 &#8211; KAB\u0130N KALDIRMA S\u0130L\u0130ND\u0130R\u0130 &#8211; MAN &#8211; 6.716137"},"content":{"rendered":"","protected":false},"excerpt":{"rendered":"<p>81417236137 &#8211; 85417236009 &#8211; 85417236029 &#8211; KAB\u0130N KALDIRMA S\u0130L\u0130ND\u0130R\u0130 &#8211; MAN<\/p>\n","protected":false},"featured_media":29781,"comment_status":"closed","ping_status":"open","template":"","meta":[],"product_brand":[],"product_cat":[12476],"product_tag":[],"class_list":{"0":"post-29780","1":"product","2":"type-product","3":"status-publish","4":"has-post-thumbnail","6":"product_cat-man","7":"pa_arac-tipi-avrupa","8":"pa_marka-man","9":"pa_model-tga-tgs-tgx","10":"pa_oed-no-6-716137","11":"pa_oem-no-81417236137-85417236009-85417236029","12":"pa_urun-adi-kabin-kaldirma-silindiri","14":"first","15":"instock","16":"product-type-simple"},"_links":{"self":[{"href":"https:\/\/oedparts.com\/ru\/wp-json\/wp\/v2\/product\/29780","targetHints":{"allow":["GET"]}}],"collection":[{"href":"https:\/\/oedparts.com\/ru\/wp-json\/wp\/v2\/product"}],"about":[{"href":"https:\/\/oedparts.com\/ru\/wp-json\/wp\/v2\/types\/product"}],"replies":[{"embeddable":true,"href":"https:\/\/oedparts.com\/ru\/wp-json\/wp\/v2\/comments?post=29780"}],"wp:featuredmedia":[{"embeddable":true,"href":"https:\/\/oedparts.com\/ru\/wp-json\/wp\/v2\/media\/29781"}],"wp:attachment":[{"href":"https:\/\/oedparts.com\/ru\/wp-json\/wp\/v2\/media?parent=29780"}],"wp:term":[{"taxonomy":"product_brand","embeddable":true,"href":"https:\/\/oedparts.com\/ru\/wp-json\/wp\/v2\/product_brand?post=29780"},{"taxonomy":"product_cat","embeddable":true,"href":"https:\/\/oedparts.com\/ru\/wp-json\/wp\/v2\/product_cat?post=29780"},{"taxonomy":"product_tag","embeddable":true,"href":"https:\/\/oedparts.com\/ru\/wp-json\/wp\/v2\/product_tag?post=29780"}],"curies":[{"name":"wp","href":"https:\/\/api.w.org\/{rel}","templated":true}]}}