{"id":29484,"date":"2025-09-02T18:04:24","date_gmt":"2025-09-02T15:04:24","guid":{"rendered":"https:\/\/oedparts.com\/urun\/51044016398-51044006050-51044010867-51044015088-2v5109101a-eksantrik-mili-man-6-166398\/"},"modified":"2025-09-02T18:04:37","modified_gmt":"2025-09-02T15:04:37","slug":"51044016398-51044006050-51044010867-51044015088-2v5109101a-eksantrik-mili-man-6-166398","status":"publish","type":"product","link":"https:\/\/oedparts.com\/ru\/urun\/51044016398-51044006050-51044010867-51044015088-2v5109101a-eksantrik-mili-man-6-166398\/","title":{"rendered":"51044016398 &#8211; 51044006050 &#8211; 51044010867 &#8211; 51044015088 &#8211; 2V5109101A &#8211; EKSANTR\u0130K M\u0130L\u0130 &#8211; MAN &#8211; 6.166398"},"content":{"rendered":"","protected":false},"excerpt":{"rendered":"<p>51044016398 &#8211; 51044006050 &#8211; 51044010867 &#8211; 51044015088 &#8211; 2V5109101A &#8211; EKSANTR\u0130K M\u0130L\u0130 &#8211; MAN<\/p>\n","protected":false},"featured_media":29485,"comment_status":"closed","ping_status":"open","template":"","meta":[],"product_brand":[],"product_cat":[12476,15231,12785],"product_tag":[],"class_list":{"0":"post-29484","1":"product","2":"type-product","3":"status-publish","4":"has-post-thumbnail","6":"product_cat-man","7":"product_cat-neoplan","8":"product_cat-vw-trucks","9":"pa_arac-tipi-avrupa","10":"pa_marka-man-vw-trucks-neoplan","11":"pa_model-f-2000-tga-tgs-tgx","12":"pa_oed-no-6-166398","13":"pa_oem-no-51044016398-51044006050-51044010867-51044015088-2v5109101a","14":"pa_urun-adi-eksantrik-mili","16":"first","17":"instock","18":"product-type-simple"},"_links":{"self":[{"href":"https:\/\/oedparts.com\/ru\/wp-json\/wp\/v2\/product\/29484","targetHints":{"allow":["GET"]}}],"collection":[{"href":"https:\/\/oedparts.com\/ru\/wp-json\/wp\/v2\/product"}],"about":[{"href":"https:\/\/oedparts.com\/ru\/wp-json\/wp\/v2\/types\/product"}],"replies":[{"embeddable":true,"href":"https:\/\/oedparts.com\/ru\/wp-json\/wp\/v2\/comments?post=29484"}],"wp:featuredmedia":[{"embeddable":true,"href":"https:\/\/oedparts.com\/ru\/wp-json\/wp\/v2\/media\/29485"}],"wp:attachment":[{"href":"https:\/\/oedparts.com\/ru\/wp-json\/wp\/v2\/media?parent=29484"}],"wp:term":[{"taxonomy":"product_brand","embeddable":true,"href":"https:\/\/oedparts.com\/ru\/wp-json\/wp\/v2\/product_brand?post=29484"},{"taxonomy":"product_cat","embeddable":true,"href":"https:\/\/oedparts.com\/ru\/wp-json\/wp\/v2\/product_cat?post=29484"},{"taxonomy":"product_tag","embeddable":true,"href":"https:\/\/oedparts.com\/ru\/wp-json\/wp\/v2\/product_tag?post=29484"}],"curies":[{"name":"wp","href":"https:\/\/api.w.org\/{rel}","templated":true}]}}