{"id":29469,"date":"2025-09-02T18:04:24","date_gmt":"2025-09-02T15:04:24","guid":{"rendered":"https:\/\/oedparts.com\/urun\/51044006006-51044015055-51045013113-eksantrik-mili-man-6-166006\/"},"modified":"2025-09-02T18:04:34","modified_gmt":"2025-09-02T15:04:34","slug":"51044006006-51044015055-51045013113-eksantrik-mili-man-6-166006","status":"publish","type":"product","link":"https:\/\/oedparts.com\/ru\/urun\/51044006006-51044015055-51045013113-eksantrik-mili-man-6-166006\/","title":{"rendered":"51044006006 &#8211; 51044015055 &#8211; 51045013113 &#8211; EKSANTR\u0130K M\u0130L\u0130 &#8211; MAN &#8211; 6.166006"},"content":{"rendered":"","protected":false},"excerpt":{"rendered":"<p>51044006006 &#8211; 51044015055 &#8211; 51045013113 &#8211; EKSANTR\u0130K M\u0130L\u0130 &#8211; MAN<\/p>\n","protected":false},"featured_media":29470,"comment_status":"closed","ping_status":"open","template":"","meta":[],"product_brand":[],"product_cat":[12476],"product_tag":[],"class_list":{"0":"post-29469","1":"product","2":"type-product","3":"status-publish","4":"has-post-thumbnail","6":"product_cat-man","7":"pa_arac-tipi-avrupa","8":"pa_marka-man","9":"pa_model-f-90-tga-tgs-tgx","10":"pa_oed-no-6-166006","11":"pa_oem-no-51044006006-51044015055-51045013113","12":"pa_urun-adi-eksantrik-mili","14":"first","15":"instock","16":"product-type-simple"},"_links":{"self":[{"href":"https:\/\/oedparts.com\/ru\/wp-json\/wp\/v2\/product\/29469","targetHints":{"allow":["GET"]}}],"collection":[{"href":"https:\/\/oedparts.com\/ru\/wp-json\/wp\/v2\/product"}],"about":[{"href":"https:\/\/oedparts.com\/ru\/wp-json\/wp\/v2\/types\/product"}],"replies":[{"embeddable":true,"href":"https:\/\/oedparts.com\/ru\/wp-json\/wp\/v2\/comments?post=29469"}],"wp:featuredmedia":[{"embeddable":true,"href":"https:\/\/oedparts.com\/ru\/wp-json\/wp\/v2\/media\/29470"}],"wp:attachment":[{"href":"https:\/\/oedparts.com\/ru\/wp-json\/wp\/v2\/media?parent=29469"}],"wp:term":[{"taxonomy":"product_brand","embeddable":true,"href":"https:\/\/oedparts.com\/ru\/wp-json\/wp\/v2\/product_brand?post=29469"},{"taxonomy":"product_cat","embeddable":true,"href":"https:\/\/oedparts.com\/ru\/wp-json\/wp\/v2\/product_cat?post=29469"},{"taxonomy":"product_tag","embeddable":true,"href":"https:\/\/oedparts.com\/ru\/wp-json\/wp\/v2\/product_tag?post=29469"}],"curies":[{"name":"wp","href":"https:\/\/api.w.org\/{rel}","templated":true}]}}