{"id":29191,"date":"2025-09-02T18:02:03","date_gmt":"2025-09-02T15:02:03","guid":{"rendered":"https:\/\/oedparts.com\/urun\/6553300719-6553300319-dingil-tamir-takimi-mercedes-benz-5-900719\/"},"modified":"2025-09-02T18:03:19","modified_gmt":"2025-09-02T15:03:19","slug":"6553300719-6553300319-dingil-tamir-takimi-mercedes-benz-5-900719","status":"publish","type":"product","link":"https:\/\/oedparts.com\/ru\/urun\/6553300719-6553300319-dingil-tamir-takimi-mercedes-benz-5-900719\/","title":{"rendered":"6553300719 &#8211; 6553300319 &#8211; D\u0130NG\u0130L TAM\u0130R TAKIMI &#8211; MERCEDES BENZ &#8211; 5.900719"},"content":{"rendered":"","protected":false},"excerpt":{"rendered":"<p>6553300719 &#8211; 6553300319 &#8211; D\u0130NG\u0130L TAM\u0130R TAKIMI &#8211; MERCEDES BENZ<\/p>\n","protected":false},"featured_media":29192,"comment_status":"closed","ping_status":"open","template":"","meta":[],"product_brand":[],"product_cat":[12482],"product_tag":[],"class_list":{"0":"post-29191","1":"product","2":"type-product","3":"status-publish","4":"has-post-thumbnail","6":"product_cat-mercedes-benz","7":"pa_arac-tipi-avrupa","8":"pa_marka-mercedes-benz","9":"pa_model-actros-axor-atego","10":"pa_oed-no-5-900719","11":"pa_oem-no-6553300719-6553300319","12":"pa_urun-adi-dingil-tamir-takimi","14":"first","15":"instock","16":"product-type-simple"},"_links":{"self":[{"href":"https:\/\/oedparts.com\/ru\/wp-json\/wp\/v2\/product\/29191","targetHints":{"allow":["GET"]}}],"collection":[{"href":"https:\/\/oedparts.com\/ru\/wp-json\/wp\/v2\/product"}],"about":[{"href":"https:\/\/oedparts.com\/ru\/wp-json\/wp\/v2\/types\/product"}],"replies":[{"embeddable":true,"href":"https:\/\/oedparts.com\/ru\/wp-json\/wp\/v2\/comments?post=29191"}],"wp:featuredmedia":[{"embeddable":true,"href":"https:\/\/oedparts.com\/ru\/wp-json\/wp\/v2\/media\/29192"}],"wp:attachment":[{"href":"https:\/\/oedparts.com\/ru\/wp-json\/wp\/v2\/media?parent=29191"}],"wp:term":[{"taxonomy":"product_brand","embeddable":true,"href":"https:\/\/oedparts.com\/ru\/wp-json\/wp\/v2\/product_brand?post=29191"},{"taxonomy":"product_cat","embeddable":true,"href":"https:\/\/oedparts.com\/ru\/wp-json\/wp\/v2\/product_cat?post=29191"},{"taxonomy":"product_tag","embeddable":true,"href":"https:\/\/oedparts.com\/ru\/wp-json\/wp\/v2\/product_tag?post=29191"}],"curies":[{"name":"wp","href":"https:\/\/api.w.org\/{rel}","templated":true}]}}