{"id":29093,"date":"2025-09-02T18:01:22","date_gmt":"2025-09-02T15:01:22","guid":{"rendered":"https:\/\/oedparts.com\/urun\/0025533205-0025533305-25536305-kabin-kaldirma-silindiri-mercedes-benz-5-713305\/"},"modified":"2025-09-02T18:01:23","modified_gmt":"2025-09-02T15:01:23","slug":"0025533205-0025533305-25536305-kabin-kaldirma-silindiri-mercedes-benz-5-713305","status":"publish","type":"product","link":"https:\/\/oedparts.com\/ru\/urun\/0025533205-0025533305-25536305-kabin-kaldirma-silindiri-mercedes-benz-5-713305\/","title":{"rendered":"0025533205 &#8211; 0025533305 &#8211; 25536305 &#8211; KAB\u0130N KALDIRMA S\u0130L\u0130ND\u0130R\u0130 &#8211; MERCEDES BENZ &#8211; 5.713305"},"content":{"rendered":"","protected":false},"excerpt":{"rendered":"<p>0025533205 &#8211; 0025533305 &#8211; 25536305 &#8211; KAB\u0130N KALDIRMA S\u0130L\u0130ND\u0130R\u0130 &#8211; MERCEDES BENZ<\/p>\n","protected":false},"featured_media":29094,"comment_status":"closed","ping_status":"open","template":"","meta":[],"product_brand":[],"product_cat":[12482],"product_tag":[],"class_list":{"0":"post-29093","1":"product","2":"type-product","3":"status-publish","4":"has-post-thumbnail","6":"product_cat-mercedes-benz","7":"pa_arac-tipi-avrupa","8":"pa_marka-mercedes-benz","9":"pa_model-atego-axor","10":"pa_oed-no-5-713305","11":"pa_oem-no-0025533205-0025533305-25536305","12":"pa_urun-adi-kabin-kaldirma-silindiri","14":"first","15":"instock","16":"product-type-simple"},"_links":{"self":[{"href":"https:\/\/oedparts.com\/ru\/wp-json\/wp\/v2\/product\/29093","targetHints":{"allow":["GET"]}}],"collection":[{"href":"https:\/\/oedparts.com\/ru\/wp-json\/wp\/v2\/product"}],"about":[{"href":"https:\/\/oedparts.com\/ru\/wp-json\/wp\/v2\/types\/product"}],"replies":[{"embeddable":true,"href":"https:\/\/oedparts.com\/ru\/wp-json\/wp\/v2\/comments?post=29093"}],"wp:featuredmedia":[{"embeddable":true,"href":"https:\/\/oedparts.com\/ru\/wp-json\/wp\/v2\/media\/29094"}],"wp:attachment":[{"href":"https:\/\/oedparts.com\/ru\/wp-json\/wp\/v2\/media?parent=29093"}],"wp:term":[{"taxonomy":"product_brand","embeddable":true,"href":"https:\/\/oedparts.com\/ru\/wp-json\/wp\/v2\/product_brand?post=29093"},{"taxonomy":"product_cat","embeddable":true,"href":"https:\/\/oedparts.com\/ru\/wp-json\/wp\/v2\/product_cat?post=29093"},{"taxonomy":"product_tag","embeddable":true,"href":"https:\/\/oedparts.com\/ru\/wp-json\/wp\/v2\/product_tag?post=29093"}],"curies":[{"name":"wp","href":"https:\/\/api.w.org\/{rel}","templated":true}]}}