{"id":28658,"date":"2025-09-02T17:58:58","date_gmt":"2025-09-02T14:58:58","guid":{"rendered":"https:\/\/oedparts.com\/urun\/5420501201-eksantrik-mili-mercedes-benz-5-161201\/"},"modified":"2025-09-02T17:59:18","modified_gmt":"2025-09-02T14:59:18","slug":"5420501201-eksantrik-mili-mercedes-benz-5-161201","status":"publish","type":"product","link":"https:\/\/oedparts.com\/ru\/urun\/5420501201-eksantrik-mili-mercedes-benz-5-161201\/","title":{"rendered":"5420501201 &#8211; EKSANTR\u0130K M\u0130L\u0130 &#8211; MERCEDES BENZ &#8211; 5.161201"},"content":{"rendered":"","protected":false},"excerpt":{"rendered":"<p>5420501201 &#8211; EKSANTR\u0130K M\u0130L\u0130 &#8211; MERCEDES BENZ<\/p>\n","protected":false},"featured_media":28659,"comment_status":"closed","ping_status":"open","template":"","meta":[],"product_brand":[],"product_cat":[12482],"product_tag":[],"class_list":{"0":"post-28658","1":"product","2":"type-product","3":"status-publish","4":"has-post-thumbnail","6":"product_cat-mercedes-benz","7":"pa_arac-tipi-avrupa","8":"pa_marka-mercedes-benz","9":"pa_model-actros-mp-2-actros-mp-3","10":"pa_oed-no-5-161201","11":"pa_oem-no-15290","12":"pa_urun-adi-eksantrik-mili","14":"first","15":"instock","16":"product-type-simple"},"_links":{"self":[{"href":"https:\/\/oedparts.com\/ru\/wp-json\/wp\/v2\/product\/28658","targetHints":{"allow":["GET"]}}],"collection":[{"href":"https:\/\/oedparts.com\/ru\/wp-json\/wp\/v2\/product"}],"about":[{"href":"https:\/\/oedparts.com\/ru\/wp-json\/wp\/v2\/types\/product"}],"replies":[{"embeddable":true,"href":"https:\/\/oedparts.com\/ru\/wp-json\/wp\/v2\/comments?post=28658"}],"wp:featuredmedia":[{"embeddable":true,"href":"https:\/\/oedparts.com\/ru\/wp-json\/wp\/v2\/media\/28659"}],"wp:attachment":[{"href":"https:\/\/oedparts.com\/ru\/wp-json\/wp\/v2\/media?parent=28658"}],"wp:term":[{"taxonomy":"product_brand","embeddable":true,"href":"https:\/\/oedparts.com\/ru\/wp-json\/wp\/v2\/product_brand?post=28658"},{"taxonomy":"product_cat","embeddable":true,"href":"https:\/\/oedparts.com\/ru\/wp-json\/wp\/v2\/product_cat?post=28658"},{"taxonomy":"product_tag","embeddable":true,"href":"https:\/\/oedparts.com\/ru\/wp-json\/wp\/v2\/product_tag?post=28658"}],"curies":[{"name":"wp","href":"https:\/\/api.w.org\/{rel}","templated":true}]}}