{"id":28575,"date":"2025-09-02T17:58:38","date_gmt":"2025-09-02T14:58:38","guid":{"rendered":"https:\/\/oedparts.com\/urun\/5411881904-5411882404-5411883004-yag-sogutucu-kapagi-mercedes-benz-5-121904\/"},"modified":"2025-09-02T17:58:47","modified_gmt":"2025-09-02T14:58:47","slug":"5411881904-5411882404-5411883004-yag-sogutucu-kapagi-mercedes-benz-5-121904","status":"publish","type":"product","link":"https:\/\/oedparts.com\/ru\/urun\/5411881904-5411882404-5411883004-yag-sogutucu-kapagi-mercedes-benz-5-121904\/","title":{"rendered":"5411881904 &#8211; 5411882404 &#8211; 5411883004 &#8211; YA\u011e SO\u011eUTUCU KAPA\u011eI &#8211; MERCEDES BENZ &#8211; 5.121904"},"content":{"rendered":"","protected":false},"excerpt":{"rendered":"<p>5411881904 &#8211; 5411882404 &#8211; 5411883004 &#8211; YA\u011e SO\u011eUTUCU KAPA\u011eI &#8211; MERCEDES BENZ<\/p>\n","protected":false},"featured_media":28576,"comment_status":"closed","ping_status":"open","template":"","meta":[],"product_brand":[],"product_cat":[12482],"product_tag":[],"class_list":{"0":"post-28575","1":"product","2":"type-product","3":"status-publish","4":"has-post-thumbnail","6":"product_cat-mercedes-benz","7":"pa_arac-tipi-avrupa","8":"pa_marka-mercedes-benz","9":"pa_model-actros-mp-1-actros-mp-2-actros-mp-3","10":"pa_oed-no-5-121904","11":"pa_oem-no-5411881904-5411882404-5411883004","12":"pa_urun-adi-yag-sogutucu-kapagi","14":"first","15":"instock","16":"product-type-simple"},"_links":{"self":[{"href":"https:\/\/oedparts.com\/ru\/wp-json\/wp\/v2\/product\/28575","targetHints":{"allow":["GET"]}}],"collection":[{"href":"https:\/\/oedparts.com\/ru\/wp-json\/wp\/v2\/product"}],"about":[{"href":"https:\/\/oedparts.com\/ru\/wp-json\/wp\/v2\/types\/product"}],"replies":[{"embeddable":true,"href":"https:\/\/oedparts.com\/ru\/wp-json\/wp\/v2\/comments?post=28575"}],"wp:featuredmedia":[{"embeddable":true,"href":"https:\/\/oedparts.com\/ru\/wp-json\/wp\/v2\/media\/28576"}],"wp:attachment":[{"href":"https:\/\/oedparts.com\/ru\/wp-json\/wp\/v2\/media?parent=28575"}],"wp:term":[{"taxonomy":"product_brand","embeddable":true,"href":"https:\/\/oedparts.com\/ru\/wp-json\/wp\/v2\/product_brand?post=28575"},{"taxonomy":"product_cat","embeddable":true,"href":"https:\/\/oedparts.com\/ru\/wp-json\/wp\/v2\/product_cat?post=28575"},{"taxonomy":"product_tag","embeddable":true,"href":"https:\/\/oedparts.com\/ru\/wp-json\/wp\/v2\/product_tag?post=28575"}],"curies":[{"name":"wp","href":"https:\/\/api.w.org\/{rel}","templated":true}]}}