{"id":28168,"date":"2025-09-02T17:55:52","date_gmt":"2025-09-02T14:55:52","guid":{"rendered":"https:\/\/oedparts.com\/urun\/1940341-kucuk-ayna-daf-4-780341\/"},"modified":"2025-09-02T17:56:04","modified_gmt":"2025-09-02T14:56:04","slug":"1940341-kucuk-ayna-daf-4-780341","status":"publish","type":"product","link":"https:\/\/oedparts.com\/ru\/urun\/1940341-kucuk-ayna-daf-4-780341\/","title":{"rendered":"1940341 &#8211; K\u00dc\u00c7\u00dcK AYNA &#8211; DAF &#8211; 4.780341"},"content":{"rendered":"","protected":false},"excerpt":{"rendered":"<p>1940341 &#8211; K\u00dc\u00c7\u00dcK AYNA &#8211; DAF<\/p>\n","protected":false},"featured_media":28169,"comment_status":"closed","ping_status":"open","template":"","meta":[],"product_brand":[],"product_cat":[12469],"product_tag":[],"class_list":{"0":"post-28168","1":"product","2":"type-product","3":"status-publish","4":"has-post-thumbnail","6":"product_cat-daf","7":"pa_arac-tipi-avrupa","8":"pa_marka-daf","9":"pa_model-xf-106","10":"pa_oed-no-4-780341","11":"pa_oem-no-14997","12":"pa_urun-adi-kucuk-ayna","14":"first","15":"instock","16":"product-type-simple"},"_links":{"self":[{"href":"https:\/\/oedparts.com\/ru\/wp-json\/wp\/v2\/product\/28168","targetHints":{"allow":["GET"]}}],"collection":[{"href":"https:\/\/oedparts.com\/ru\/wp-json\/wp\/v2\/product"}],"about":[{"href":"https:\/\/oedparts.com\/ru\/wp-json\/wp\/v2\/types\/product"}],"replies":[{"embeddable":true,"href":"https:\/\/oedparts.com\/ru\/wp-json\/wp\/v2\/comments?post=28168"}],"wp:featuredmedia":[{"embeddable":true,"href":"https:\/\/oedparts.com\/ru\/wp-json\/wp\/v2\/media\/28169"}],"wp:attachment":[{"href":"https:\/\/oedparts.com\/ru\/wp-json\/wp\/v2\/media?parent=28168"}],"wp:term":[{"taxonomy":"product_brand","embeddable":true,"href":"https:\/\/oedparts.com\/ru\/wp-json\/wp\/v2\/product_brand?post=28168"},{"taxonomy":"product_cat","embeddable":true,"href":"https:\/\/oedparts.com\/ru\/wp-json\/wp\/v2\/product_cat?post=28168"},{"taxonomy":"product_tag","embeddable":true,"href":"https:\/\/oedparts.com\/ru\/wp-json\/wp\/v2\/product_tag?post=28168"}],"curies":[{"name":"wp","href":"https:\/\/api.w.org\/{rel}","templated":true}]}}