{"id":28022,"date":"2025-09-02T17:55:25","date_gmt":"2025-09-02T14:55:25","guid":{"rendered":"https:\/\/oedparts.com\/urun\/2033876-far-cercevesi-sag-daf-4-753876\/"},"modified":"2025-09-02T17:55:34","modified_gmt":"2025-09-02T14:55:34","slug":"2033876-far-cercevesi-sag-daf-4-753876","status":"publish","type":"product","link":"https:\/\/oedparts.com\/ru\/urun\/2033876-far-cercevesi-sag-daf-4-753876\/","title":{"rendered":"2033876 &#8211; FAR \u00c7ER\u00c7EVES\u0130 SA\u011e &#8211; DAF &#8211; 4.753876"},"content":{"rendered":"","protected":false},"excerpt":{"rendered":"<p>2033876 &#8211; FAR \u00c7ER\u00c7EVES\u0130 SA\u011e &#8211; DAF<\/p>\n","protected":false},"featured_media":28023,"comment_status":"closed","ping_status":"open","template":"","meta":[],"product_brand":[],"product_cat":[12469],"product_tag":[],"class_list":{"0":"post-28022","1":"product","2":"type-product","3":"status-publish","4":"has-post-thumbnail","6":"product_cat-daf","7":"pa_arac-tipi-avrupa","8":"pa_marka-daf","9":"pa_model-xf-106","10":"pa_oed-no-4-753876","11":"pa_oem-no-14917","12":"pa_urun-adi-far-cercevesi-sag","14":"first","15":"instock","16":"product-type-simple"},"_links":{"self":[{"href":"https:\/\/oedparts.com\/ru\/wp-json\/wp\/v2\/product\/28022","targetHints":{"allow":["GET"]}}],"collection":[{"href":"https:\/\/oedparts.com\/ru\/wp-json\/wp\/v2\/product"}],"about":[{"href":"https:\/\/oedparts.com\/ru\/wp-json\/wp\/v2\/types\/product"}],"replies":[{"embeddable":true,"href":"https:\/\/oedparts.com\/ru\/wp-json\/wp\/v2\/comments?post=28022"}],"wp:featuredmedia":[{"embeddable":true,"href":"https:\/\/oedparts.com\/ru\/wp-json\/wp\/v2\/media\/28023"}],"wp:attachment":[{"href":"https:\/\/oedparts.com\/ru\/wp-json\/wp\/v2\/media?parent=28022"}],"wp:term":[{"taxonomy":"product_brand","embeddable":true,"href":"https:\/\/oedparts.com\/ru\/wp-json\/wp\/v2\/product_brand?post=28022"},{"taxonomy":"product_cat","embeddable":true,"href":"https:\/\/oedparts.com\/ru\/wp-json\/wp\/v2\/product_cat?post=28022"},{"taxonomy":"product_tag","embeddable":true,"href":"https:\/\/oedparts.com\/ru\/wp-json\/wp\/v2\/product_tag?post=28022"}],"curies":[{"name":"wp","href":"https:\/\/api.w.org\/{rel}","templated":true}]}}