{"id":27956,"date":"2025-09-02T17:54:59","date_gmt":"2025-09-02T14:54:59","guid":{"rendered":"https:\/\/oedparts.com\/urun\/1445564-1447282-1605933-basamak-demiri-sag-daf-4-745564\/"},"modified":"2025-09-02T17:55:15","modified_gmt":"2025-09-02T14:55:15","slug":"1445564-1447282-1605933-basamak-demiri-sag-daf-4-745564","status":"publish","type":"product","link":"https:\/\/oedparts.com\/ru\/urun\/1445564-1447282-1605933-basamak-demiri-sag-daf-4-745564\/","title":{"rendered":"1445564 &#8211; 1447282 &#8211; 1605933 &#8211; BASAMAK DEM\u0130R\u0130 SA\u011e &#8211; DAF &#8211; 4.745564"},"content":{"rendered":"","protected":false},"excerpt":{"rendered":"<p>1445564 &#8211; 1447282 &#8211; 1605933 &#8211; BASAMAK DEM\u0130R\u0130 SA\u011e &#8211; DAF<\/p>\n","protected":false},"featured_media":27957,"comment_status":"closed","ping_status":"open","template":"","meta":[],"product_brand":[],"product_cat":[12469],"product_tag":[],"class_list":{"0":"post-27956","1":"product","2":"type-product","3":"status-publish","4":"has-post-thumbnail","6":"product_cat-daf","7":"pa_arac-tipi-avrupa","8":"pa_marka-daf","9":"pa_model-xf","10":"pa_oed-no-4-745564","11":"pa_oem-no-1445564-1447282-1605933","12":"pa_urun-adi-basamak-demiri-sag","14":"first","15":"instock","16":"product-type-simple"},"_links":{"self":[{"href":"https:\/\/oedparts.com\/ru\/wp-json\/wp\/v2\/product\/27956","targetHints":{"allow":["GET"]}}],"collection":[{"href":"https:\/\/oedparts.com\/ru\/wp-json\/wp\/v2\/product"}],"about":[{"href":"https:\/\/oedparts.com\/ru\/wp-json\/wp\/v2\/types\/product"}],"replies":[{"embeddable":true,"href":"https:\/\/oedparts.com\/ru\/wp-json\/wp\/v2\/comments?post=27956"}],"wp:featuredmedia":[{"embeddable":true,"href":"https:\/\/oedparts.com\/ru\/wp-json\/wp\/v2\/media\/27957"}],"wp:attachment":[{"href":"https:\/\/oedparts.com\/ru\/wp-json\/wp\/v2\/media?parent=27956"}],"wp:term":[{"taxonomy":"product_brand","embeddable":true,"href":"https:\/\/oedparts.com\/ru\/wp-json\/wp\/v2\/product_brand?post=27956"},{"taxonomy":"product_cat","embeddable":true,"href":"https:\/\/oedparts.com\/ru\/wp-json\/wp\/v2\/product_cat?post=27956"},{"taxonomy":"product_tag","embeddable":true,"href":"https:\/\/oedparts.com\/ru\/wp-json\/wp\/v2\/product_tag?post=27956"}],"curies":[{"name":"wp","href":"https:\/\/api.w.org\/{rel}","templated":true}]}}