{"id":27904,"date":"2025-09-02T17:54:59","date_gmt":"2025-09-02T14:54:59","guid":{"rendered":"https:\/\/oedparts.com\/urun\/1371224s-camurluk-baglanti-braketi-daf-4-740044\/"},"modified":"2025-09-02T17:54:59","modified_gmt":"2025-09-02T14:54:59","slug":"1371224s-camurluk-baglanti-braketi-daf-4-740044","status":"publish","type":"product","link":"https:\/\/oedparts.com\/ru\/urun\/1371224s-camurluk-baglanti-braketi-daf-4-740044\/","title":{"rendered":"1371224S &#8211; \u00c7AMURLUK BA\u011eLANTI BRAKET\u0130 &#8211; DAF &#8211; 4.740044"},"content":{"rendered":"","protected":false},"excerpt":{"rendered":"<p>1371224S &#8211; \u00c7AMURLUK BA\u011eLANTI BRAKET\u0130 &#8211; DAF<\/p>\n","protected":false},"featured_media":0,"comment_status":"closed","ping_status":"open","template":"","meta":[],"product_brand":[],"product_cat":[12469],"product_tag":[],"class_list":{"0":"post-27904","1":"product","2":"type-product","3":"status-publish","5":"product_cat-daf","6":"pa_arac-tipi-avrupa","7":"pa_marka-daf","8":"pa_model-cf-xf","9":"pa_oed-no-4-740044","10":"pa_oem-no-1371224s","11":"pa_urun-adi-camurluk-baglanti-braketi","13":"first","14":"instock","15":"product-type-simple"},"_links":{"self":[{"href":"https:\/\/oedparts.com\/ru\/wp-json\/wp\/v2\/product\/27904","targetHints":{"allow":["GET"]}}],"collection":[{"href":"https:\/\/oedparts.com\/ru\/wp-json\/wp\/v2\/product"}],"about":[{"href":"https:\/\/oedparts.com\/ru\/wp-json\/wp\/v2\/types\/product"}],"replies":[{"embeddable":true,"href":"https:\/\/oedparts.com\/ru\/wp-json\/wp\/v2\/comments?post=27904"}],"wp:attachment":[{"href":"https:\/\/oedparts.com\/ru\/wp-json\/wp\/v2\/media?parent=27904"}],"wp:term":[{"taxonomy":"product_brand","embeddable":true,"href":"https:\/\/oedparts.com\/ru\/wp-json\/wp\/v2\/product_brand?post=27904"},{"taxonomy":"product_cat","embeddable":true,"href":"https:\/\/oedparts.com\/ru\/wp-json\/wp\/v2\/product_cat?post=27904"},{"taxonomy":"product_tag","embeddable":true,"href":"https:\/\/oedparts.com\/ru\/wp-json\/wp\/v2\/product_tag?post=27904"}],"curies":[{"name":"wp","href":"https:\/\/api.w.org\/{rel}","templated":true}]}}