{"id":27884,"date":"2025-09-02T17:54:36","date_gmt":"2025-09-02T14:54:36","guid":{"rendered":"https:\/\/oedparts.com\/urun\/0375221-1377827-1818918-kabin-amortisoru-daf-4-738918\/"},"modified":"2025-09-02T17:54:51","modified_gmt":"2025-09-02T14:54:51","slug":"0375221-1377827-1818918-kabin-amortisoru-daf-4-738918","status":"publish","type":"product","link":"https:\/\/oedparts.com\/ru\/urun\/0375221-1377827-1818918-kabin-amortisoru-daf-4-738918\/","title":{"rendered":"0375221 &#8211; 1377827 &#8211; 1818918 &#8211; KAB\u0130N AMORT\u0130S\u00d6R\u00dc &#8211; DAF &#8211; 4.738918"},"content":{"rendered":"","protected":false},"excerpt":{"rendered":"<p>0375221 &#8211; 1377827 &#8211; 1818918 &#8211; KAB\u0130N AMORT\u0130S\u00d6R\u00dc &#8211; DAF<\/p>\n","protected":false},"featured_media":27885,"comment_status":"closed","ping_status":"open","template":"","meta":[],"product_brand":[],"product_cat":[12469],"product_tag":[],"class_list":{"0":"post-27884","1":"product","2":"type-product","3":"status-publish","4":"has-post-thumbnail","6":"product_cat-daf","7":"pa_arac-tipi-avrupa","8":"pa_marka-daf","9":"pa_model-cf","10":"pa_oed-no-4-738918","11":"pa_oem-no-0375221-1377827-1818918","12":"pa_urun-adi-kabin-amortisoru","14":"first","15":"instock","16":"product-type-simple"},"_links":{"self":[{"href":"https:\/\/oedparts.com\/ru\/wp-json\/wp\/v2\/product\/27884","targetHints":{"allow":["GET"]}}],"collection":[{"href":"https:\/\/oedparts.com\/ru\/wp-json\/wp\/v2\/product"}],"about":[{"href":"https:\/\/oedparts.com\/ru\/wp-json\/wp\/v2\/types\/product"}],"replies":[{"embeddable":true,"href":"https:\/\/oedparts.com\/ru\/wp-json\/wp\/v2\/comments?post=27884"}],"wp:featuredmedia":[{"embeddable":true,"href":"https:\/\/oedparts.com\/ru\/wp-json\/wp\/v2\/media\/27885"}],"wp:attachment":[{"href":"https:\/\/oedparts.com\/ru\/wp-json\/wp\/v2\/media?parent=27884"}],"wp:term":[{"taxonomy":"product_brand","embeddable":true,"href":"https:\/\/oedparts.com\/ru\/wp-json\/wp\/v2\/product_brand?post=27884"},{"taxonomy":"product_cat","embeddable":true,"href":"https:\/\/oedparts.com\/ru\/wp-json\/wp\/v2\/product_cat?post=27884"},{"taxonomy":"product_tag","embeddable":true,"href":"https:\/\/oedparts.com\/ru\/wp-json\/wp\/v2\/product_tag?post=27884"}],"curies":[{"name":"wp","href":"https:\/\/api.w.org\/{rel}","templated":true}]}}