{"id":27829,"date":"2025-09-02T17:54:36","date_gmt":"2025-09-02T14:54:36","guid":{"rendered":"https:\/\/oedparts.com\/urun\/0062726-1623465-1792422-1387326-kabin-amortisoru-daf-4-732422\/"},"modified":"2025-09-02T17:54:44","modified_gmt":"2025-09-02T14:54:44","slug":"0062726-1623465-1792422-1387326-kabin-amortisoru-daf-4-732422","status":"publish","type":"product","link":"https:\/\/oedparts.com\/ru\/urun\/0062726-1623465-1792422-1387326-kabin-amortisoru-daf-4-732422\/","title":{"rendered":"0062726 &#8211; 1623465 &#8211; 1792422 &#8211; 1387326 &#8211; KAB\u0130N AMORT\u0130S\u00d6R\u00dc &#8211; DAF &#8211; 4.732422"},"content":{"rendered":"","protected":false},"excerpt":{"rendered":"<p>0062726 &#8211; 1623465 &#8211; 1792422 &#8211; 1387326 &#8211; KAB\u0130N AMORT\u0130S\u00d6R\u00dc &#8211; DAF<\/p>\n","protected":false},"featured_media":27830,"comment_status":"closed","ping_status":"open","template":"","meta":[],"product_brand":[],"product_cat":[12469],"product_tag":[],"class_list":{"0":"post-27829","1":"product","2":"type-product","3":"status-publish","4":"has-post-thumbnail","6":"product_cat-daf","7":"pa_arac-tipi-avrupa","8":"pa_marka-daf","9":"pa_model-xf","10":"pa_oed-no-4-732422","11":"pa_oem-no-0062726-1623465-1792422-1387326","12":"pa_urun-adi-kabin-amortisoru","14":"first","15":"instock","16":"product-type-simple"},"_links":{"self":[{"href":"https:\/\/oedparts.com\/ru\/wp-json\/wp\/v2\/product\/27829","targetHints":{"allow":["GET"]}}],"collection":[{"href":"https:\/\/oedparts.com\/ru\/wp-json\/wp\/v2\/product"}],"about":[{"href":"https:\/\/oedparts.com\/ru\/wp-json\/wp\/v2\/types\/product"}],"replies":[{"embeddable":true,"href":"https:\/\/oedparts.com\/ru\/wp-json\/wp\/v2\/comments?post=27829"}],"wp:featuredmedia":[{"embeddable":true,"href":"https:\/\/oedparts.com\/ru\/wp-json\/wp\/v2\/media\/27830"}],"wp:attachment":[{"href":"https:\/\/oedparts.com\/ru\/wp-json\/wp\/v2\/media?parent=27829"}],"wp:term":[{"taxonomy":"product_brand","embeddable":true,"href":"https:\/\/oedparts.com\/ru\/wp-json\/wp\/v2\/product_brand?post=27829"},{"taxonomy":"product_cat","embeddable":true,"href":"https:\/\/oedparts.com\/ru\/wp-json\/wp\/v2\/product_cat?post=27829"},{"taxonomy":"product_tag","embeddable":true,"href":"https:\/\/oedparts.com\/ru\/wp-json\/wp\/v2\/product_tag?post=27829"}],"curies":[{"name":"wp","href":"https:\/\/api.w.org\/{rel}","templated":true}]}}