{"id":27736,"date":"2025-09-02T17:54:11","date_gmt":"2025-09-02T14:54:11","guid":{"rendered":"https:\/\/oedparts.com\/urun\/1922554-1948945-devirdaim-sensoru-daf-4-638945\/"},"modified":"2025-09-02T17:54:14","modified_gmt":"2025-09-02T14:54:14","slug":"1922554-1948945-devirdaim-sensoru-daf-4-638945","status":"publish","type":"product","link":"https:\/\/oedparts.com\/ru\/urun\/1922554-1948945-devirdaim-sensoru-daf-4-638945\/","title":{"rendered":"1922554 &#8211; 1948945 &#8211; DEV\u0130RDA\u0130M SENS\u00d6R\u00dc &#8211; DAF &#8211; 4.638945"},"content":{"rendered":"","protected":false},"excerpt":{"rendered":"<p>1922554 &#8211; 1948945 &#8211; DEV\u0130RDA\u0130M SENS\u00d6R\u00dc &#8211; DAF<\/p>\n","protected":false},"featured_media":27737,"comment_status":"closed","ping_status":"open","template":"","meta":[],"product_brand":[],"product_cat":[12469],"product_tag":[],"class_list":{"0":"post-27736","1":"product","2":"type-product","3":"status-publish","4":"has-post-thumbnail","6":"product_cat-daf","7":"pa_arac-tipi-avrupa","8":"pa_marka-daf","9":"pa_model-cf-xf","10":"pa_oed-no-4-638945","11":"pa_oem-no-1922554-1948945","12":"pa_urun-adi-devirdaim-sensoru","14":"first","15":"instock","16":"product-type-simple"},"_links":{"self":[{"href":"https:\/\/oedparts.com\/ru\/wp-json\/wp\/v2\/product\/27736","targetHints":{"allow":["GET"]}}],"collection":[{"href":"https:\/\/oedparts.com\/ru\/wp-json\/wp\/v2\/product"}],"about":[{"href":"https:\/\/oedparts.com\/ru\/wp-json\/wp\/v2\/types\/product"}],"replies":[{"embeddable":true,"href":"https:\/\/oedparts.com\/ru\/wp-json\/wp\/v2\/comments?post=27736"}],"wp:featuredmedia":[{"embeddable":true,"href":"https:\/\/oedparts.com\/ru\/wp-json\/wp\/v2\/media\/27737"}],"wp:attachment":[{"href":"https:\/\/oedparts.com\/ru\/wp-json\/wp\/v2\/media?parent=27736"}],"wp:term":[{"taxonomy":"product_brand","embeddable":true,"href":"https:\/\/oedparts.com\/ru\/wp-json\/wp\/v2\/product_brand?post=27736"},{"taxonomy":"product_cat","embeddable":true,"href":"https:\/\/oedparts.com\/ru\/wp-json\/wp\/v2\/product_cat?post=27736"},{"taxonomy":"product_tag","embeddable":true,"href":"https:\/\/oedparts.com\/ru\/wp-json\/wp\/v2\/product_tag?post=27736"}],"curies":[{"name":"wp","href":"https:\/\/api.w.org\/{rel}","templated":true}]}}