{"id":27691,"date":"2025-09-02T17:53:33","date_gmt":"2025-09-02T14:53:33","guid":{"rendered":"https:\/\/oedparts.com\/urun\/1371332-1740758-seviye-musuru-daf-4-631332\/"},"modified":"2025-09-02T17:54:02","modified_gmt":"2025-09-02T14:54:02","slug":"1371332-1740758-seviye-musuru-daf-4-631332","status":"publish","type":"product","link":"https:\/\/oedparts.com\/ru\/urun\/1371332-1740758-seviye-musuru-daf-4-631332\/","title":{"rendered":"1371332 &#8211; 1740758 &#8211; SEV\u0130YE M\u00dc\u015e\u00dcR\u00dc &#8211; DAF &#8211; 4.631332"},"content":{"rendered":"","protected":false},"excerpt":{"rendered":"<p>1371332 &#8211; 1740758 &#8211; SEV\u0130YE M\u00dc\u015e\u00dcR\u00dc &#8211; DAF<\/p>\n","protected":false},"featured_media":27692,"comment_status":"closed","ping_status":"open","template":"","meta":[],"product_brand":[],"product_cat":[12469],"product_tag":[],"class_list":{"0":"post-27691","1":"product","2":"type-product","3":"status-publish","4":"has-post-thumbnail","6":"product_cat-daf","7":"pa_arac-tipi-avrupa","8":"pa_marka-daf","9":"pa_model-cf","10":"pa_oed-no-4-631332","11":"pa_oem-no-1371332-1740758","12":"pa_urun-adi-seviye-musuru","14":"first","15":"instock","16":"product-type-simple"},"_links":{"self":[{"href":"https:\/\/oedparts.com\/ru\/wp-json\/wp\/v2\/product\/27691","targetHints":{"allow":["GET"]}}],"collection":[{"href":"https:\/\/oedparts.com\/ru\/wp-json\/wp\/v2\/product"}],"about":[{"href":"https:\/\/oedparts.com\/ru\/wp-json\/wp\/v2\/types\/product"}],"replies":[{"embeddable":true,"href":"https:\/\/oedparts.com\/ru\/wp-json\/wp\/v2\/comments?post=27691"}],"wp:featuredmedia":[{"embeddable":true,"href":"https:\/\/oedparts.com\/ru\/wp-json\/wp\/v2\/media\/27692"}],"wp:attachment":[{"href":"https:\/\/oedparts.com\/ru\/wp-json\/wp\/v2\/media?parent=27691"}],"wp:term":[{"taxonomy":"product_brand","embeddable":true,"href":"https:\/\/oedparts.com\/ru\/wp-json\/wp\/v2\/product_brand?post=27691"},{"taxonomy":"product_cat","embeddable":true,"href":"https:\/\/oedparts.com\/ru\/wp-json\/wp\/v2\/product_cat?post=27691"},{"taxonomy":"product_tag","embeddable":true,"href":"https:\/\/oedparts.com\/ru\/wp-json\/wp\/v2\/product_tag?post=27691"}],"curies":[{"name":"wp","href":"https:\/\/api.w.org\/{rel}","templated":true}]}}