{"id":27450,"date":"2025-09-02T17:52:17","date_gmt":"2025-09-02T14:52:17","guid":{"rendered":"https:\/\/oedparts.com\/urun\/0248559-248559-mazot-el-otomatigi-daf-4-408559\/"},"modified":"2025-09-02T17:52:19","modified_gmt":"2025-09-02T14:52:19","slug":"0248559-248559-mazot-el-otomatigi-daf-4-408559","status":"publish","type":"product","link":"https:\/\/oedparts.com\/ru\/urun\/0248559-248559-mazot-el-otomatigi-daf-4-408559\/","title":{"rendered":"0248559 &#8211; 248559 &#8211; MAZOT EL OTOMAT\u0130\u011e\u0130 &#8211; DAF &#8211; 4.408559"},"content":{"rendered":"","protected":false},"excerpt":{"rendered":"<p>0248559 &#8211; 248559 &#8211; MAZOT EL OTOMAT\u0130\u011e\u0130 &#8211; DAF<\/p>\n","protected":false},"featured_media":27451,"comment_status":"closed","ping_status":"open","template":"","meta":[],"product_brand":[],"product_cat":[12469],"product_tag":[],"class_list":{"0":"post-27450","1":"product","2":"type-product","3":"status-publish","4":"has-post-thumbnail","6":"product_cat-daf","7":"pa_arac-tipi-avrupa","8":"pa_marka-daf","9":"pa_model-45-55-65-75-85-95-cf","10":"pa_oed-no-4-408559","11":"pa_oem-no-0248559-248559","12":"pa_urun-adi-mazot-el-otomatigi","14":"first","15":"instock","16":"product-type-simple"},"_links":{"self":[{"href":"https:\/\/oedparts.com\/ru\/wp-json\/wp\/v2\/product\/27450","targetHints":{"allow":["GET"]}}],"collection":[{"href":"https:\/\/oedparts.com\/ru\/wp-json\/wp\/v2\/product"}],"about":[{"href":"https:\/\/oedparts.com\/ru\/wp-json\/wp\/v2\/types\/product"}],"replies":[{"embeddable":true,"href":"https:\/\/oedparts.com\/ru\/wp-json\/wp\/v2\/comments?post=27450"}],"wp:featuredmedia":[{"embeddable":true,"href":"https:\/\/oedparts.com\/ru\/wp-json\/wp\/v2\/media\/27451"}],"wp:attachment":[{"href":"https:\/\/oedparts.com\/ru\/wp-json\/wp\/v2\/media?parent=27450"}],"wp:term":[{"taxonomy":"product_brand","embeddable":true,"href":"https:\/\/oedparts.com\/ru\/wp-json\/wp\/v2\/product_brand?post=27450"},{"taxonomy":"product_cat","embeddable":true,"href":"https:\/\/oedparts.com\/ru\/wp-json\/wp\/v2\/product_cat?post=27450"},{"taxonomy":"product_tag","embeddable":true,"href":"https:\/\/oedparts.com\/ru\/wp-json\/wp\/v2\/product_tag?post=27450"}],"curies":[{"name":"wp","href":"https:\/\/api.w.org\/{rel}","templated":true}]}}