{"id":27229,"date":"2025-09-02T17:50:18","date_gmt":"2025-09-02T14:50:18","guid":{"rendered":"https:\/\/oedparts.com\/urun\/1806712-2293637-1916597-1732273-1732274-fan-gobegi-daf-4-226712\/"},"modified":"2025-09-02T17:50:30","modified_gmt":"2025-09-02T14:50:30","slug":"1806712-2293637-1916597-1732273-1732274-fan-gobegi-daf-4-226712","status":"publish","type":"product","link":"https:\/\/oedparts.com\/ru\/urun\/1806712-2293637-1916597-1732273-1732274-fan-gobegi-daf-4-226712\/","title":{"rendered":"1806712  &#8211; 2293637 &#8211; 1916597 &#8211; 1732273 &#8211; 1732274 &#8211; FAN G\u00d6BE\u011e\u0130 &#8211; DAF &#8211; 4.226712"},"content":{"rendered":"","protected":false},"excerpt":{"rendered":"<p>1806712  &#8211; 2293637 &#8211; 1916597 &#8211; 1732273 &#8211; 1732274 &#8211; FAN G\u00d6BE\u011e\u0130 &#8211; DAF<\/p>\n","protected":false},"featured_media":27230,"comment_status":"closed","ping_status":"open","template":"","meta":[],"product_brand":[],"product_cat":[12469],"product_tag":[],"class_list":{"0":"post-27229","1":"product","2":"type-product","3":"status-publish","4":"has-post-thumbnail","6":"product_cat-daf","7":"pa_arac-tipi-avrupa","8":"pa_marka-daf","9":"pa_model-cf-xf","10":"pa_oed-no-4-226712","11":"pa_oem-no-1806712-2293637-1916597-1732273-1732274","12":"pa_urun-adi-fan-gobegi","14":"first","15":"instock","16":"product-type-simple"},"_links":{"self":[{"href":"https:\/\/oedparts.com\/ru\/wp-json\/wp\/v2\/product\/27229","targetHints":{"allow":["GET"]}}],"collection":[{"href":"https:\/\/oedparts.com\/ru\/wp-json\/wp\/v2\/product"}],"about":[{"href":"https:\/\/oedparts.com\/ru\/wp-json\/wp\/v2\/types\/product"}],"replies":[{"embeddable":true,"href":"https:\/\/oedparts.com\/ru\/wp-json\/wp\/v2\/comments?post=27229"}],"wp:featuredmedia":[{"embeddable":true,"href":"https:\/\/oedparts.com\/ru\/wp-json\/wp\/v2\/media\/27230"}],"wp:attachment":[{"href":"https:\/\/oedparts.com\/ru\/wp-json\/wp\/v2\/media?parent=27229"}],"wp:term":[{"taxonomy":"product_brand","embeddable":true,"href":"https:\/\/oedparts.com\/ru\/wp-json\/wp\/v2\/product_brand?post=27229"},{"taxonomy":"product_cat","embeddable":true,"href":"https:\/\/oedparts.com\/ru\/wp-json\/wp\/v2\/product_cat?post=27229"},{"taxonomy":"product_tag","embeddable":true,"href":"https:\/\/oedparts.com\/ru\/wp-json\/wp\/v2\/product_tag?post=27229"}],"curies":[{"name":"wp","href":"https:\/\/api.w.org\/{rel}","templated":true}]}}