{"id":26987,"date":"2025-09-02T17:48:34","date_gmt":"2025-09-02T14:48:34","guid":{"rendered":"https:\/\/oedparts.com\/urun\/1687747-2002045-eksantrik-mili-daf-4-167747\/"},"modified":"2025-09-02T17:48:47","modified_gmt":"2025-09-02T14:48:47","slug":"1687747-2002045-eksantrik-mili-daf-4-167747","status":"publish","type":"product","link":"https:\/\/oedparts.com\/ru\/urun\/1687747-2002045-eksantrik-mili-daf-4-167747\/","title":{"rendered":"1687747 &#8211; 2002045 &#8211; EKSANTR\u0130K M\u0130L\u0130 &#8211; DAF &#8211; 4.167747"},"content":{"rendered":"","protected":false},"excerpt":{"rendered":"<p>1687747 &#8211; 2002045 &#8211; EKSANTR\u0130K M\u0130L\u0130 &#8211; DAF<\/p>\n","protected":false},"featured_media":26988,"comment_status":"closed","ping_status":"open","template":"","meta":[],"product_brand":[],"product_cat":[12469],"product_tag":[],"class_list":{"0":"post-26987","1":"product","2":"type-product","3":"status-publish","4":"has-post-thumbnail","6":"product_cat-daf","7":"pa_arac-tipi-avrupa","8":"pa_marka-daf","9":"pa_model-cf-85-xf-105","10":"pa_oed-no-4-167747","11":"pa_oem-no-1687747-2002045","12":"pa_urun-adi-eksantrik-mili","14":"first","15":"instock","16":"product-type-simple"},"_links":{"self":[{"href":"https:\/\/oedparts.com\/ru\/wp-json\/wp\/v2\/product\/26987","targetHints":{"allow":["GET"]}}],"collection":[{"href":"https:\/\/oedparts.com\/ru\/wp-json\/wp\/v2\/product"}],"about":[{"href":"https:\/\/oedparts.com\/ru\/wp-json\/wp\/v2\/types\/product"}],"replies":[{"embeddable":true,"href":"https:\/\/oedparts.com\/ru\/wp-json\/wp\/v2\/comments?post=26987"}],"wp:featuredmedia":[{"embeddable":true,"href":"https:\/\/oedparts.com\/ru\/wp-json\/wp\/v2\/media\/26988"}],"wp:attachment":[{"href":"https:\/\/oedparts.com\/ru\/wp-json\/wp\/v2\/media?parent=26987"}],"wp:term":[{"taxonomy":"product_brand","embeddable":true,"href":"https:\/\/oedparts.com\/ru\/wp-json\/wp\/v2\/product_brand?post=26987"},{"taxonomy":"product_cat","embeddable":true,"href":"https:\/\/oedparts.com\/ru\/wp-json\/wp\/v2\/product_cat?post=26987"},{"taxonomy":"product_tag","embeddable":true,"href":"https:\/\/oedparts.com\/ru\/wp-json\/wp\/v2\/product_tag?post=26987"}],"curies":[{"name":"wp","href":"https:\/\/api.w.org\/{rel}","templated":true}]}}