{"id":26767,"date":"2025-09-02T17:45:43","date_gmt":"2025-09-02T14:45:43","guid":{"rendered":"https:\/\/oedparts.com\/urun\/7421213202-7421213203-camurluk-baglanti-braketi-renault-trucks-3-743203\/"},"modified":"2025-09-02T17:46:07","modified_gmt":"2025-09-02T14:46:07","slug":"7421213202-7421213203-camurluk-baglanti-braketi-renault-trucks-3-743203","status":"publish","type":"product","link":"https:\/\/oedparts.com\/ru\/urun\/7421213202-7421213203-camurluk-baglanti-braketi-renault-trucks-3-743203\/","title":{"rendered":"7421213202 &#8211; 7421213203 &#8211; \u00c7AMURLUK BA\u011eLANTI BRAKET\u0130 &#8211; RENAULT TRUCKS &#8211; 3.743203"},"content":{"rendered":"","protected":false},"excerpt":{"rendered":"<p>7421213202 &#8211; 7421213203 &#8211; \u00c7AMURLUK BA\u011eLANTI BRAKET\u0130 &#8211; RENAULT TRUCKS<\/p>\n","protected":false},"featured_media":0,"comment_status":"closed","ping_status":"open","template":"","meta":[],"product_brand":[],"product_cat":[12481,12471],"product_tag":[],"class_list":{"0":"post-26767","1":"product","2":"type-product","3":"status-publish","5":"product_cat-renault-trucks","6":"product_cat-volvo-trucks","7":"pa_arac-tipi-avrupa","8":"pa_marka-renault-trucks-volvo-trucks","9":"pa_model-c-k-t-kerax-magnum-premium","10":"pa_oed-no-3-743203","11":"pa_oem-no-7421213202-7421213203","12":"pa_urun-adi-camurluk-baglanti-braketi","14":"first","15":"instock","16":"product-type-simple"},"_links":{"self":[{"href":"https:\/\/oedparts.com\/ru\/wp-json\/wp\/v2\/product\/26767","targetHints":{"allow":["GET"]}}],"collection":[{"href":"https:\/\/oedparts.com\/ru\/wp-json\/wp\/v2\/product"}],"about":[{"href":"https:\/\/oedparts.com\/ru\/wp-json\/wp\/v2\/types\/product"}],"replies":[{"embeddable":true,"href":"https:\/\/oedparts.com\/ru\/wp-json\/wp\/v2\/comments?post=26767"}],"wp:attachment":[{"href":"https:\/\/oedparts.com\/ru\/wp-json\/wp\/v2\/media?parent=26767"}],"wp:term":[{"taxonomy":"product_brand","embeddable":true,"href":"https:\/\/oedparts.com\/ru\/wp-json\/wp\/v2\/product_brand?post=26767"},{"taxonomy":"product_cat","embeddable":true,"href":"https:\/\/oedparts.com\/ru\/wp-json\/wp\/v2\/product_cat?post=26767"},{"taxonomy":"product_tag","embeddable":true,"href":"https:\/\/oedparts.com\/ru\/wp-json\/wp\/v2\/product_tag?post=26767"}],"curies":[{"name":"wp","href":"https:\/\/api.w.org\/{rel}","templated":true}]}}