{"id":26735,"date":"2025-09-02T17:45:19","date_gmt":"2025-09-02T14:45:19","guid":{"rendered":"https:\/\/oedparts.com\/urun\/7422928449-7422070299-7422302641-kabin-kaldirma-silindiri-renault-trucks-3-718449\/"},"modified":"2025-09-02T17:45:32","modified_gmt":"2025-09-02T14:45:32","slug":"7422928449-7422070299-7422302641-kabin-kaldirma-silindiri-renault-trucks-3-718449","status":"publish","type":"product","link":"https:\/\/oedparts.com\/ru\/urun\/7422928449-7422070299-7422302641-kabin-kaldirma-silindiri-renault-trucks-3-718449\/","title":{"rendered":"7422928449 &#8211; 7422070299 &#8211; 7422302641 &#8211; KAB\u0130N KALDIRMA S\u0130L\u0130ND\u0130R\u0130 &#8211; RENAULT TRUCKS &#8211; 3.718449"},"content":{"rendered":"","protected":false},"excerpt":{"rendered":"<p>7422928449 &#8211; 7422070299 &#8211; 7422302641 &#8211; KAB\u0130N KALDIRMA S\u0130L\u0130ND\u0130R\u0130 &#8211; RENAULT TRUCKS<\/p>\n","protected":false},"featured_media":26736,"comment_status":"closed","ping_status":"open","template":"","meta":[],"product_brand":[],"product_cat":[12481],"product_tag":[],"class_list":{"0":"post-26735","1":"product","2":"type-product","3":"status-publish","4":"has-post-thumbnail","6":"product_cat-renault-trucks","7":"pa_arac-tipi-avrupa","8":"pa_marka-renault-trucks","9":"pa_model-c-k-t-series","10":"pa_oed-no-3-718449","11":"pa_oem-no-7422928449-7422070299-7422302641","12":"pa_urun-adi-kabin-kaldirma-silindiri","14":"first","15":"instock","16":"product-type-simple"},"_links":{"self":[{"href":"https:\/\/oedparts.com\/ru\/wp-json\/wp\/v2\/product\/26735","targetHints":{"allow":["GET"]}}],"collection":[{"href":"https:\/\/oedparts.com\/ru\/wp-json\/wp\/v2\/product"}],"about":[{"href":"https:\/\/oedparts.com\/ru\/wp-json\/wp\/v2\/types\/product"}],"replies":[{"embeddable":true,"href":"https:\/\/oedparts.com\/ru\/wp-json\/wp\/v2\/comments?post=26735"}],"wp:featuredmedia":[{"embeddable":true,"href":"https:\/\/oedparts.com\/ru\/wp-json\/wp\/v2\/media\/26736"}],"wp:attachment":[{"href":"https:\/\/oedparts.com\/ru\/wp-json\/wp\/v2\/media?parent=26735"}],"wp:term":[{"taxonomy":"product_brand","embeddable":true,"href":"https:\/\/oedparts.com\/ru\/wp-json\/wp\/v2\/product_brand?post=26735"},{"taxonomy":"product_cat","embeddable":true,"href":"https:\/\/oedparts.com\/ru\/wp-json\/wp\/v2\/product_cat?post=26735"},{"taxonomy":"product_tag","embeddable":true,"href":"https:\/\/oedparts.com\/ru\/wp-json\/wp\/v2\/product_tag?post=26735"}],"curies":[{"name":"wp","href":"https:\/\/api.w.org\/{rel}","templated":true}]}}