{"id":26360,"date":"2025-09-02T17:43:55","date_gmt":"2025-09-02T14:43:55","guid":{"rendered":"https:\/\/oedparts.com\/urun\/7421745877-7422431870-7423289200-eksantrik-mili-renault-trucks-3-165877\/"},"modified":"2025-09-02T17:44:04","modified_gmt":"2025-09-02T14:44:04","slug":"7421745877-7422431870-7423289200-eksantrik-mili-renault-trucks-3-165877","status":"publish","type":"product","link":"https:\/\/oedparts.com\/ru\/urun\/7421745877-7422431870-7423289200-eksantrik-mili-renault-trucks-3-165877\/","title":{"rendered":"7421745877 &#8211; 7422431870 &#8211; 7423289200 &#8211; EKSANTR\u0130K M\u0130L\u0130 &#8211; RENAULT TRUCKS &#8211; 3.165877"},"content":{"rendered":"","protected":false},"excerpt":{"rendered":"<p>7421745877 &#8211; 7422431870 &#8211; 7423289200 &#8211; EKSANTR\u0130K M\u0130L\u0130 &#8211; RENAULT TRUCKS<\/p>\n","protected":false},"featured_media":26361,"comment_status":"closed","ping_status":"open","template":"","meta":[],"product_brand":[],"product_cat":[12481],"product_tag":[],"class_list":{"0":"post-26360","1":"product","2":"type-product","3":"status-publish","4":"has-post-thumbnail","6":"product_cat-renault-trucks","7":"pa_arac-tipi-avrupa","8":"pa_marka-renault-trucks","9":"pa_model-c-k-t-series","10":"pa_oed-no-3-165877","11":"pa_oem-no-7421745877-7422431870-7423289200","12":"pa_urun-adi-eksantrik-mili","14":"first","15":"instock","16":"product-type-simple"},"_links":{"self":[{"href":"https:\/\/oedparts.com\/ru\/wp-json\/wp\/v2\/product\/26360","targetHints":{"allow":["GET"]}}],"collection":[{"href":"https:\/\/oedparts.com\/ru\/wp-json\/wp\/v2\/product"}],"about":[{"href":"https:\/\/oedparts.com\/ru\/wp-json\/wp\/v2\/types\/product"}],"replies":[{"embeddable":true,"href":"https:\/\/oedparts.com\/ru\/wp-json\/wp\/v2\/comments?post=26360"}],"wp:featuredmedia":[{"embeddable":true,"href":"https:\/\/oedparts.com\/ru\/wp-json\/wp\/v2\/media\/26361"}],"wp:attachment":[{"href":"https:\/\/oedparts.com\/ru\/wp-json\/wp\/v2\/media?parent=26360"}],"wp:term":[{"taxonomy":"product_brand","embeddable":true,"href":"https:\/\/oedparts.com\/ru\/wp-json\/wp\/v2\/product_brand?post=26360"},{"taxonomy":"product_cat","embeddable":true,"href":"https:\/\/oedparts.com\/ru\/wp-json\/wp\/v2\/product_cat?post=26360"},{"taxonomy":"product_tag","embeddable":true,"href":"https:\/\/oedparts.com\/ru\/wp-json\/wp\/v2\/product_tag?post=26360"}],"curies":[{"name":"wp","href":"https:\/\/api.w.org\/{rel}","templated":true}]}}