{"id":26029,"date":"2025-09-02T17:42:30","date_gmt":"2025-09-02T14:42:30","guid":{"rendered":"https:\/\/oedparts.com\/urun\/7485133870-85133870-dingil-tamir-takimi-volvo-trucks-2-903870\/"},"modified":"2025-09-02T17:42:34","modified_gmt":"2025-09-02T14:42:34","slug":"7485133870-85133870-dingil-tamir-takimi-volvo-trucks-2-903870","status":"publish","type":"product","link":"https:\/\/oedparts.com\/ru\/urun\/7485133870-85133870-dingil-tamir-takimi-volvo-trucks-2-903870\/","title":{"rendered":"7485133870 &#8211; 85133870 &#8211; D\u0130NG\u0130L TAM\u0130R TAKIMI &#8211; VOLVO TRUCKS &#8211; 2.903870"},"content":{"rendered":"","protected":false},"excerpt":{"rendered":"<p>7485133870 &#8211; 85133870 &#8211; D\u0130NG\u0130L TAM\u0130R TAKIMI &#8211; VOLVO TRUCKS<\/p>\n","protected":false},"featured_media":26030,"comment_status":"closed","ping_status":"open","template":"","meta":[],"product_brand":[],"product_cat":[12481,12471],"product_tag":[],"class_list":{"0":"post-26029","1":"product","2":"type-product","3":"status-publish","4":"has-post-thumbnail","6":"product_cat-renault-trucks","7":"product_cat-volvo-trucks","8":"pa_arac-tipi-avrupa","9":"pa_marka-volvo-trucks-renault-trucks","10":"pa_model-fh-fm","11":"pa_oed-no-2-903870","12":"pa_oem-no-7485133870-85133870","13":"pa_urun-adi-dingil-tamir-takimi","15":"first","16":"instock","17":"product-type-simple"},"_links":{"self":[{"href":"https:\/\/oedparts.com\/ru\/wp-json\/wp\/v2\/product\/26029","targetHints":{"allow":["GET"]}}],"collection":[{"href":"https:\/\/oedparts.com\/ru\/wp-json\/wp\/v2\/product"}],"about":[{"href":"https:\/\/oedparts.com\/ru\/wp-json\/wp\/v2\/types\/product"}],"replies":[{"embeddable":true,"href":"https:\/\/oedparts.com\/ru\/wp-json\/wp\/v2\/comments?post=26029"}],"wp:featuredmedia":[{"embeddable":true,"href":"https:\/\/oedparts.com\/ru\/wp-json\/wp\/v2\/media\/26030"}],"wp:attachment":[{"href":"https:\/\/oedparts.com\/ru\/wp-json\/wp\/v2\/media?parent=26029"}],"wp:term":[{"taxonomy":"product_brand","embeddable":true,"href":"https:\/\/oedparts.com\/ru\/wp-json\/wp\/v2\/product_brand?post=26029"},{"taxonomy":"product_cat","embeddable":true,"href":"https:\/\/oedparts.com\/ru\/wp-json\/wp\/v2\/product_cat?post=26029"},{"taxonomy":"product_tag","embeddable":true,"href":"https:\/\/oedparts.com\/ru\/wp-json\/wp\/v2\/product_tag?post=26029"}],"curies":[{"name":"wp","href":"https:\/\/api.w.org\/{rel}","templated":true}]}}