{"id":26012,"date":"2025-09-02T17:41:26","date_gmt":"2025-09-02T14:41:26","guid":{"rendered":"https:\/\/oedparts.com\/urun\/20390834-85108338-dingil-tamir-takimi-volvo-trucks-2-900834\/"},"modified":"2025-09-02T17:41:43","modified_gmt":"2025-09-02T14:41:43","slug":"20390834-85108338-dingil-tamir-takimi-volvo-trucks-2-900834","status":"publish","type":"product","link":"https:\/\/oedparts.com\/ru\/urun\/20390834-85108338-dingil-tamir-takimi-volvo-trucks-2-900834\/","title":{"rendered":"20390834 &#8211; 85108338 &#8211; D\u0130NG\u0130L TAM\u0130R TAKIMI &#8211; VOLVO TRUCKS &#8211; 2.900834"},"content":{"rendered":"","protected":false},"excerpt":{"rendered":"<p>20390834 &#8211; 85108338 &#8211; D\u0130NG\u0130L TAM\u0130R TAKIMI &#8211; VOLVO TRUCKS<\/p>\n","protected":false},"featured_media":26013,"comment_status":"closed","ping_status":"open","template":"","meta":[],"product_brand":[],"product_cat":[12471],"product_tag":[],"class_list":{"0":"post-26012","1":"product","2":"type-product","3":"status-publish","4":"has-post-thumbnail","6":"product_cat-volvo-trucks","7":"pa_arac-tipi-avrupa-amerikan","8":"pa_marka-volvo-trucks","9":"pa_model-fl-vm","10":"pa_oed-no-2-900834","11":"pa_oem-no-20390834-85108338","12":"pa_urun-adi-dingil-tamir-takimi","14":"first","15":"instock","16":"product-type-simple"},"_links":{"self":[{"href":"https:\/\/oedparts.com\/ru\/wp-json\/wp\/v2\/product\/26012","targetHints":{"allow":["GET"]}}],"collection":[{"href":"https:\/\/oedparts.com\/ru\/wp-json\/wp\/v2\/product"}],"about":[{"href":"https:\/\/oedparts.com\/ru\/wp-json\/wp\/v2\/types\/product"}],"replies":[{"embeddable":true,"href":"https:\/\/oedparts.com\/ru\/wp-json\/wp\/v2\/comments?post=26012"}],"wp:featuredmedia":[{"embeddable":true,"href":"https:\/\/oedparts.com\/ru\/wp-json\/wp\/v2\/media\/26013"}],"wp:attachment":[{"href":"https:\/\/oedparts.com\/ru\/wp-json\/wp\/v2\/media?parent=26012"}],"wp:term":[{"taxonomy":"product_brand","embeddable":true,"href":"https:\/\/oedparts.com\/ru\/wp-json\/wp\/v2\/product_brand?post=26012"},{"taxonomy":"product_cat","embeddable":true,"href":"https:\/\/oedparts.com\/ru\/wp-json\/wp\/v2\/product_cat?post=26012"},{"taxonomy":"product_tag","embeddable":true,"href":"https:\/\/oedparts.com\/ru\/wp-json\/wp\/v2\/product_tag?post=26012"}],"curies":[{"name":"wp","href":"https:\/\/api.w.org\/{rel}","templated":true}]}}