{"id":25847,"date":"2025-09-02T17:39:31","date_gmt":"2025-09-02T14:39:31","guid":{"rendered":"https:\/\/oedparts.com\/urun\/22070285-22928430-kabin-kaldirma-silindiri-volvo-trucks-2-710285\/"},"modified":"2025-09-02T17:39:39","modified_gmt":"2025-09-02T14:39:39","slug":"22070285-22928430-kabin-kaldirma-silindiri-volvo-trucks-2-710285","status":"publish","type":"product","link":"https:\/\/oedparts.com\/ru\/urun\/22070285-22928430-kabin-kaldirma-silindiri-volvo-trucks-2-710285\/","title":{"rendered":"22070285 &#8211; 22928430 &#8211; KAB\u0130N KALDIRMA S\u0130L\u0130ND\u0130R\u0130 &#8211; VOLVO TRUCKS &#8211; 2.710285"},"content":{"rendered":"","protected":false},"excerpt":{"rendered":"<p>22070285 &#8211; 22928430 &#8211; KAB\u0130N KALDIRMA S\u0130L\u0130ND\u0130R\u0130 &#8211; VOLVO TRUCKS<\/p>\n","protected":false},"featured_media":25848,"comment_status":"closed","ping_status":"open","template":"","meta":[],"product_brand":[],"product_cat":[12471],"product_tag":[],"class_list":{"0":"post-25847","1":"product","2":"type-product","3":"status-publish","4":"has-post-thumbnail","6":"product_cat-volvo-trucks","7":"pa_arac-tipi-avrupa","8":"pa_marka-volvo-trucks","9":"pa_model-fm-4-fm-5","10":"pa_oed-no-2-710285","11":"pa_oem-no-22070285-22928430","12":"pa_urun-adi-kabin-kaldirma-silindiri","14":"first","15":"instock","16":"product-type-simple"},"_links":{"self":[{"href":"https:\/\/oedparts.com\/ru\/wp-json\/wp\/v2\/product\/25847","targetHints":{"allow":["GET"]}}],"collection":[{"href":"https:\/\/oedparts.com\/ru\/wp-json\/wp\/v2\/product"}],"about":[{"href":"https:\/\/oedparts.com\/ru\/wp-json\/wp\/v2\/types\/product"}],"replies":[{"embeddable":true,"href":"https:\/\/oedparts.com\/ru\/wp-json\/wp\/v2\/comments?post=25847"}],"wp:featuredmedia":[{"embeddable":true,"href":"https:\/\/oedparts.com\/ru\/wp-json\/wp\/v2\/media\/25848"}],"wp:attachment":[{"href":"https:\/\/oedparts.com\/ru\/wp-json\/wp\/v2\/media?parent=25847"}],"wp:term":[{"taxonomy":"product_brand","embeddable":true,"href":"https:\/\/oedparts.com\/ru\/wp-json\/wp\/v2\/product_brand?post=25847"},{"taxonomy":"product_cat","embeddable":true,"href":"https:\/\/oedparts.com\/ru\/wp-json\/wp\/v2\/product_cat?post=25847"},{"taxonomy":"product_tag","embeddable":true,"href":"https:\/\/oedparts.com\/ru\/wp-json\/wp\/v2\/product_tag?post=25847"}],"curies":[{"name":"wp","href":"https:\/\/api.w.org\/{rel}","templated":true}]}}