{"id":25654,"date":"2025-09-02T17:38:50","date_gmt":"2025-09-02T14:38:50","guid":{"rendered":"https:\/\/oedparts.com\/urun\/1696448-3090954-5001868119-68192410-fren-toz-lastigi-volvo-trucks-2-506448\/"},"modified":"2025-09-02T17:38:57","modified_gmt":"2025-09-02T14:38:57","slug":"1696448-3090954-5001868119-68192410-fren-toz-lastigi-volvo-trucks-2-506448","status":"publish","type":"product","link":"https:\/\/oedparts.com\/ru\/urun\/1696448-3090954-5001868119-68192410-fren-toz-lastigi-volvo-trucks-2-506448\/","title":{"rendered":"1696448 &#8211; 3090954 &#8211; 5001868119 &#8211; 68192410 &#8211; FREN TOZ LAST\u0130\u011e\u0130 &#8211; VOLVO TRUCKS &#8211; 2.506448"},"content":{"rendered":"","protected":false},"excerpt":{"rendered":"<p>1696448 &#8211; 3090954 &#8211; 5001868119 &#8211; 68192410 &#8211; FREN TOZ LAST\u0130\u011e\u0130 &#8211; VOLVO TRUCKS<\/p>\n","protected":false},"featured_media":25655,"comment_status":"closed","ping_status":"open","template":"","meta":[],"product_brand":[],"product_cat":[12643,12481,12471],"product_tag":[],"class_list":{"0":"post-25654","1":"product","2":"type-product","3":"status-publish","4":"has-post-thumbnail","6":"product_cat-meritor","7":"product_cat-renault-trucks","8":"product_cat-volvo-trucks","9":"pa_arac-tipi-avrupa-amerikan","10":"pa_marka-volvo-trucks-renault-trucks-meritor","11":"pa_model-f-fl-fm","12":"pa_oed-no-2-506448","13":"pa_oem-no-1696448-3090954-5001868119-68192410","14":"pa_urun-adi-fren-toz-lastigi","16":"first","17":"instock","18":"product-type-simple"},"_links":{"self":[{"href":"https:\/\/oedparts.com\/ru\/wp-json\/wp\/v2\/product\/25654","targetHints":{"allow":["GET"]}}],"collection":[{"href":"https:\/\/oedparts.com\/ru\/wp-json\/wp\/v2\/product"}],"about":[{"href":"https:\/\/oedparts.com\/ru\/wp-json\/wp\/v2\/types\/product"}],"replies":[{"embeddable":true,"href":"https:\/\/oedparts.com\/ru\/wp-json\/wp\/v2\/comments?post=25654"}],"wp:featuredmedia":[{"embeddable":true,"href":"https:\/\/oedparts.com\/ru\/wp-json\/wp\/v2\/media\/25655"}],"wp:attachment":[{"href":"https:\/\/oedparts.com\/ru\/wp-json\/wp\/v2\/media?parent=25654"}],"wp:term":[{"taxonomy":"product_brand","embeddable":true,"href":"https:\/\/oedparts.com\/ru\/wp-json\/wp\/v2\/product_brand?post=25654"},{"taxonomy":"product_cat","embeddable":true,"href":"https:\/\/oedparts.com\/ru\/wp-json\/wp\/v2\/product_cat?post=25654"},{"taxonomy":"product_tag","embeddable":true,"href":"https:\/\/oedparts.com\/ru\/wp-json\/wp\/v2\/product_tag?post=25654"}],"curies":[{"name":"wp","href":"https:\/\/api.w.org\/{rel}","templated":true}]}}