{"id":25536,"date":"2025-09-02T17:38:24","date_gmt":"2025-09-02T14:38:24","guid":{"rendered":"https:\/\/oedparts.com\/urun\/82422923-82693739-klima-tupu-volvo-trucks-2-250923\/"},"modified":"2025-09-02T17:38:28","modified_gmt":"2025-09-02T14:38:28","slug":"82422923-82693739-klima-tupu-volvo-trucks-2-250923","status":"publish","type":"product","link":"https:\/\/oedparts.com\/ru\/urun\/82422923-82693739-klima-tupu-volvo-trucks-2-250923\/","title":{"rendered":"82422923 &#8211; 82693739 &#8211; KL\u0130MA T\u00dcP\u00dc &#8211; VOLVO TRUCKS &#8211; 2.250923"},"content":{"rendered":"","protected":false},"excerpt":{"rendered":"<p>82422923 &#8211; 82693739 &#8211; KL\u0130MA T\u00dcP\u00dc &#8211; VOLVO TRUCKS<\/p>\n","protected":false},"featured_media":25537,"comment_status":"closed","ping_status":"open","template":"","meta":[],"product_brand":[],"product_cat":[12471],"product_tag":[],"class_list":{"0":"post-25536","1":"product","2":"type-product","3":"status-publish","4":"has-post-thumbnail","6":"product_cat-volvo-trucks","7":"pa_arac-tipi-avrupa","8":"pa_marka-volvo-trucks","9":"pa_model-fh","10":"pa_oed-no-2-250923","11":"pa_oem-no-82422923-82693739","12":"pa_urun-adi-klima-tupu","14":"first","15":"instock","16":"product-type-simple"},"_links":{"self":[{"href":"https:\/\/oedparts.com\/ru\/wp-json\/wp\/v2\/product\/25536","targetHints":{"allow":["GET"]}}],"collection":[{"href":"https:\/\/oedparts.com\/ru\/wp-json\/wp\/v2\/product"}],"about":[{"href":"https:\/\/oedparts.com\/ru\/wp-json\/wp\/v2\/types\/product"}],"replies":[{"embeddable":true,"href":"https:\/\/oedparts.com\/ru\/wp-json\/wp\/v2\/comments?post=25536"}],"wp:featuredmedia":[{"embeddable":true,"href":"https:\/\/oedparts.com\/ru\/wp-json\/wp\/v2\/media\/25537"}],"wp:attachment":[{"href":"https:\/\/oedparts.com\/ru\/wp-json\/wp\/v2\/media?parent=25536"}],"wp:term":[{"taxonomy":"product_brand","embeddable":true,"href":"https:\/\/oedparts.com\/ru\/wp-json\/wp\/v2\/product_brand?post=25536"},{"taxonomy":"product_cat","embeddable":true,"href":"https:\/\/oedparts.com\/ru\/wp-json\/wp\/v2\/product_cat?post=25536"},{"taxonomy":"product_tag","embeddable":true,"href":"https:\/\/oedparts.com\/ru\/wp-json\/wp\/v2\/product_tag?post=25536"}],"curies":[{"name":"wp","href":"https:\/\/api.w.org\/{rel}","templated":true}]}}