{"id":25443,"date":"2025-09-02T17:37:53","date_gmt":"2025-09-02T14:37:53","guid":{"rendered":"https:\/\/oedparts.com\/urun\/20524754-7420524754-devirdaim-kasnagi-volvo-trucks-2-204754\/"},"modified":"2025-09-02T19:17:09","modified_gmt":"2025-09-02T16:17:09","slug":"20524754-7420524754-devirdaim-kasnagi-volvo-trucks-2-204754","status":"publish","type":"product","link":"https:\/\/oedparts.com\/ru\/urun\/20524754-7420524754-devirdaim-kasnagi-volvo-trucks-2-204754\/","title":{"rendered":"20524754 &#8211; 7420524754 &#8211; DEV\u0130RDA\u0130M KASNA\u011eI &#8211; VOLVO TRUCKS &#8211; 2.204754"},"content":{"rendered":"","protected":false},"excerpt":{"rendered":"<p>20524754 &#8211; 7420524754 &#8211; DEV\u0130RDA\u0130M KASNA\u011eI &#8211; VOLVO TRUCKS<\/p>\n","protected":false},"featured_media":0,"comment_status":"closed","ping_status":"closed","template":"","meta":[],"product_brand":[],"product_cat":[16144,12481,12459,12819,12471],"product_tag":[],"class_list":{"0":"post-25443","1":"product","2":"type-product","3":"status-publish","5":"product_cat-is-makinalari","6":"product_cat-renault-trucks","7":"product_cat-tir-kamyon","8":"product_cat-volvo-ce","9":"product_cat-volvo-trucks","10":"pa_arac-tipi-avrupa-amerikan","11":"pa_marka-volvo-trucks-renault-trucks-volvo-ce","12":"pa_oed-no-2-204754","13":"pa_oem-no-20524754-7420524754","14":"pa_urun-adi-devirdaim-kasnagi","16":"first","17":"instock","18":"product-type-simple"},"_links":{"self":[{"href":"https:\/\/oedparts.com\/ru\/wp-json\/wp\/v2\/product\/25443","targetHints":{"allow":["GET"]}}],"collection":[{"href":"https:\/\/oedparts.com\/ru\/wp-json\/wp\/v2\/product"}],"about":[{"href":"https:\/\/oedparts.com\/ru\/wp-json\/wp\/v2\/types\/product"}],"replies":[{"embeddable":true,"href":"https:\/\/oedparts.com\/ru\/wp-json\/wp\/v2\/comments?post=25443"}],"wp:attachment":[{"href":"https:\/\/oedparts.com\/ru\/wp-json\/wp\/v2\/media?parent=25443"}],"wp:term":[{"taxonomy":"product_brand","embeddable":true,"href":"https:\/\/oedparts.com\/ru\/wp-json\/wp\/v2\/product_brand?post=25443"},{"taxonomy":"product_cat","embeddable":true,"href":"https:\/\/oedparts.com\/ru\/wp-json\/wp\/v2\/product_cat?post=25443"},{"taxonomy":"product_tag","embeddable":true,"href":"https:\/\/oedparts.com\/ru\/wp-json\/wp\/v2\/product_tag?post=25443"}],"curies":[{"name":"wp","href":"https:\/\/api.w.org\/{rel}","templated":true}]}}