{"id":25384,"date":"2025-09-02T17:37:20","date_gmt":"2025-09-02T14:37:20","guid":{"rendered":"https:\/\/oedparts.com\/urun\/20758419-20483207-yag-cubugu-volvo-trucks-2-188419\/"},"modified":"2025-09-02T17:37:38","modified_gmt":"2025-09-02T14:37:38","slug":"20758419-20483207-yag-cubugu-volvo-trucks-2-188419","status":"publish","type":"product","link":"https:\/\/oedparts.com\/ru\/urun\/20758419-20483207-yag-cubugu-volvo-trucks-2-188419\/","title":{"rendered":"20758419 &#8211; 20483207 &#8211; YA\u011e \u00c7UBU\u011eU &#8211; VOLVO TRUCKS &#8211; 2.188419"},"content":{"rendered":"","protected":false},"excerpt":{"rendered":"<p>20758419 &#8211; 20483207 &#8211; YA\u011e \u00c7UBU\u011eU &#8211; VOLVO TRUCKS<\/p>\n","protected":false},"featured_media":25385,"comment_status":"closed","ping_status":"open","template":"","meta":[],"product_brand":[],"product_cat":[12471],"product_tag":[],"class_list":{"0":"post-25384","1":"product","2":"type-product","3":"status-publish","4":"has-post-thumbnail","6":"product_cat-volvo-trucks","7":"pa_arac-tipi-avrupa","8":"pa_marka-volvo-trucks","9":"pa_model-fm","10":"pa_oed-no-2-188419","11":"pa_oem-no-20758419-20483207","12":"pa_urun-adi-yag-cubugu","14":"first","15":"instock","16":"product-type-simple"},"_links":{"self":[{"href":"https:\/\/oedparts.com\/ru\/wp-json\/wp\/v2\/product\/25384","targetHints":{"allow":["GET"]}}],"collection":[{"href":"https:\/\/oedparts.com\/ru\/wp-json\/wp\/v2\/product"}],"about":[{"href":"https:\/\/oedparts.com\/ru\/wp-json\/wp\/v2\/types\/product"}],"replies":[{"embeddable":true,"href":"https:\/\/oedparts.com\/ru\/wp-json\/wp\/v2\/comments?post=25384"}],"wp:featuredmedia":[{"embeddable":true,"href":"https:\/\/oedparts.com\/ru\/wp-json\/wp\/v2\/media\/25385"}],"wp:attachment":[{"href":"https:\/\/oedparts.com\/ru\/wp-json\/wp\/v2\/media?parent=25384"}],"wp:term":[{"taxonomy":"product_brand","embeddable":true,"href":"https:\/\/oedparts.com\/ru\/wp-json\/wp\/v2\/product_brand?post=25384"},{"taxonomy":"product_cat","embeddable":true,"href":"https:\/\/oedparts.com\/ru\/wp-json\/wp\/v2\/product_cat?post=25384"},{"taxonomy":"product_tag","embeddable":true,"href":"https:\/\/oedparts.com\/ru\/wp-json\/wp\/v2\/product_tag?post=25384"}],"curies":[{"name":"wp","href":"https:\/\/api.w.org\/{rel}","templated":true}]}}