{"id":25296,"date":"2025-09-02T17:36:57","date_gmt":"2025-09-02T14:36:57","guid":{"rendered":"https:\/\/oedparts.com\/urun\/20758404-22431877-23271092-23289205-eksantrik-mili-volvo-trucks-2-168404\/"},"modified":"2025-09-02T17:37:06","modified_gmt":"2025-09-02T14:37:06","slug":"20758404-22431877-23271092-23289205-eksantrik-mili-volvo-trucks-2-168404","status":"publish","type":"product","link":"https:\/\/oedparts.com\/ru\/urun\/20758404-22431877-23271092-23289205-eksantrik-mili-volvo-trucks-2-168404\/","title":{"rendered":"20758404 &#8211; 22431877 &#8211; 23271092 &#8211; 23289205 &#8211; EKSANTR\u0130K M\u0130L\u0130 &#8211; VOLVO TRUCKS &#8211; 2.168404"},"content":{"rendered":"","protected":false},"excerpt":{"rendered":"<p>20758404 &#8211; 22431877 &#8211; 23271092 &#8211; 23289205 &#8211; EKSANTR\u0130K M\u0130L\u0130 &#8211; VOLVO TRUCKS<\/p>\n","protected":false},"featured_media":25297,"comment_status":"closed","ping_status":"open","template":"","meta":[],"product_brand":[],"product_cat":[12471],"product_tag":[],"class_list":{"0":"post-25296","1":"product","2":"type-product","3":"status-publish","4":"has-post-thumbnail","6":"product_cat-volvo-trucks","7":"pa_arac-tipi-avrupa","8":"pa_marka-volvo-trucks","9":"pa_model-fh-fm","10":"pa_oed-no-2-168404","11":"pa_oem-no-20758404-22431877-23271092-23289205","12":"pa_urun-adi-eksantrik-mili","14":"first","15":"instock","16":"product-type-simple"},"_links":{"self":[{"href":"https:\/\/oedparts.com\/ru\/wp-json\/wp\/v2\/product\/25296","targetHints":{"allow":["GET"]}}],"collection":[{"href":"https:\/\/oedparts.com\/ru\/wp-json\/wp\/v2\/product"}],"about":[{"href":"https:\/\/oedparts.com\/ru\/wp-json\/wp\/v2\/types\/product"}],"replies":[{"embeddable":true,"href":"https:\/\/oedparts.com\/ru\/wp-json\/wp\/v2\/comments?post=25296"}],"wp:featuredmedia":[{"embeddable":true,"href":"https:\/\/oedparts.com\/ru\/wp-json\/wp\/v2\/media\/25297"}],"wp:attachment":[{"href":"https:\/\/oedparts.com\/ru\/wp-json\/wp\/v2\/media?parent=25296"}],"wp:term":[{"taxonomy":"product_brand","embeddable":true,"href":"https:\/\/oedparts.com\/ru\/wp-json\/wp\/v2\/product_brand?post=25296"},{"taxonomy":"product_cat","embeddable":true,"href":"https:\/\/oedparts.com\/ru\/wp-json\/wp\/v2\/product_cat?post=25296"},{"taxonomy":"product_tag","embeddable":true,"href":"https:\/\/oedparts.com\/ru\/wp-json\/wp\/v2\/product_tag?post=25296"}],"curies":[{"name":"wp","href":"https:\/\/api.w.org\/{rel}","templated":true}]}}