{"id":25286,"date":"2025-09-02T17:36:57","date_gmt":"2025-09-02T14:36:57","guid":{"rendered":"https:\/\/oedparts.com\/urun\/20576909-eksantrik-mili-volvo-ce-2-166909\/"},"modified":"2025-09-02T19:00:09","modified_gmt":"2025-09-02T16:00:09","slug":"20576909-eksantrik-mili-volvo-ce-2-166909","status":"publish","type":"product","link":"https:\/\/oedparts.com\/ru\/urun\/20576909-eksantrik-mili-volvo-ce-2-166909\/","title":{"rendered":"20576909 &#8211; EKSANTR\u0130K M\u0130L\u0130 &#8211; VOLVO CE &#8211; 2.166909"},"content":{"rendered":"","protected":false},"excerpt":{"rendered":"<p>20576909 &#8211; EKSANTR\u0130K M\u0130L\u0130 &#8211; VOLVO CE<\/p>\n","protected":false},"featured_media":25287,"comment_status":"closed","ping_status":"closed","template":"","meta":[],"product_brand":[],"product_cat":[16144,12819],"product_tag":[],"class_list":{"0":"post-25286","1":"product","2":"type-product","3":"status-publish","4":"has-post-thumbnail","6":"product_cat-is-makinalari","7":"product_cat-volvo-ce","8":"pa_arac-tipi-avrupa-amerikan","9":"pa_marka-volvo-ce","10":"pa_model-tad-1250","11":"pa_oed-no-2-166909","12":"pa_oem-no-13239","13":"pa_urun-adi-eksantrik-mili","15":"first","16":"instock","17":"product-type-simple"},"_links":{"self":[{"href":"https:\/\/oedparts.com\/ru\/wp-json\/wp\/v2\/product\/25286","targetHints":{"allow":["GET"]}}],"collection":[{"href":"https:\/\/oedparts.com\/ru\/wp-json\/wp\/v2\/product"}],"about":[{"href":"https:\/\/oedparts.com\/ru\/wp-json\/wp\/v2\/types\/product"}],"replies":[{"embeddable":true,"href":"https:\/\/oedparts.com\/ru\/wp-json\/wp\/v2\/comments?post=25286"}],"wp:featuredmedia":[{"embeddable":true,"href":"https:\/\/oedparts.com\/ru\/wp-json\/wp\/v2\/media\/25287"}],"wp:attachment":[{"href":"https:\/\/oedparts.com\/ru\/wp-json\/wp\/v2\/media?parent=25286"}],"wp:term":[{"taxonomy":"product_brand","embeddable":true,"href":"https:\/\/oedparts.com\/ru\/wp-json\/wp\/v2\/product_brand?post=25286"},{"taxonomy":"product_cat","embeddable":true,"href":"https:\/\/oedparts.com\/ru\/wp-json\/wp\/v2\/product_cat?post=25286"},{"taxonomy":"product_tag","embeddable":true,"href":"https:\/\/oedparts.com\/ru\/wp-json\/wp\/v2\/product_tag?post=25286"}],"curies":[{"name":"wp","href":"https:\/\/api.w.org\/{rel}","templated":true}]}}