{"id":25281,"date":"2025-09-02T17:36:57","date_gmt":"2025-09-02T14:36:57","guid":{"rendered":"https:\/\/oedparts.com\/urun\/20746808-22431874-22584594-eksantrik-mili-volvo-trucks-2-166808\/"},"modified":"2025-09-02T17:37:05","modified_gmt":"2025-09-02T14:37:05","slug":"20746808-22431874-22584594-eksantrik-mili-volvo-trucks-2-166808","status":"publish","type":"product","link":"https:\/\/oedparts.com\/ru\/urun\/20746808-22431874-22584594-eksantrik-mili-volvo-trucks-2-166808\/","title":{"rendered":"20746808 &#8211; 22431874 &#8211; 22584594 &#8211; EKSANTR\u0130K M\u0130L\u0130 &#8211; VOLVO TRUCKS &#8211; 2.166808"},"content":{"rendered":"","protected":false},"excerpt":{"rendered":"<p>20746808 &#8211; 22431874 &#8211; 22584594 &#8211; EKSANTR\u0130K M\u0130L\u0130 &#8211; VOLVO TRUCKS<\/p>\n","protected":false},"featured_media":25282,"comment_status":"closed","ping_status":"open","template":"","meta":[],"product_brand":[],"product_cat":[12471],"product_tag":[],"class_list":{"0":"post-25281","1":"product","2":"type-product","3":"status-publish","4":"has-post-thumbnail","6":"product_cat-volvo-trucks","7":"pa_arac-tipi-avrupa","8":"pa_marka-volvo-trucks","9":"pa_model-fm-fmx","10":"pa_oed-no-2-166808","11":"pa_oem-no-20746808-22431874-22584594","12":"pa_urun-adi-eksantrik-mili","14":"first","15":"instock","16":"product-type-simple"},"_links":{"self":[{"href":"https:\/\/oedparts.com\/ru\/wp-json\/wp\/v2\/product\/25281","targetHints":{"allow":["GET"]}}],"collection":[{"href":"https:\/\/oedparts.com\/ru\/wp-json\/wp\/v2\/product"}],"about":[{"href":"https:\/\/oedparts.com\/ru\/wp-json\/wp\/v2\/types\/product"}],"replies":[{"embeddable":true,"href":"https:\/\/oedparts.com\/ru\/wp-json\/wp\/v2\/comments?post=25281"}],"wp:featuredmedia":[{"embeddable":true,"href":"https:\/\/oedparts.com\/ru\/wp-json\/wp\/v2\/media\/25282"}],"wp:attachment":[{"href":"https:\/\/oedparts.com\/ru\/wp-json\/wp\/v2\/media?parent=25281"}],"wp:term":[{"taxonomy":"product_brand","embeddable":true,"href":"https:\/\/oedparts.com\/ru\/wp-json\/wp\/v2\/product_brand?post=25281"},{"taxonomy":"product_cat","embeddable":true,"href":"https:\/\/oedparts.com\/ru\/wp-json\/wp\/v2\/product_cat?post=25281"},{"taxonomy":"product_tag","embeddable":true,"href":"https:\/\/oedparts.com\/ru\/wp-json\/wp\/v2\/product_tag?post=25281"}],"curies":[{"name":"wp","href":"https:\/\/api.w.org\/{rel}","templated":true}]}}