{"id":25215,"date":"2025-09-02T17:36:36","date_gmt":"2025-09-02T14:36:36","guid":{"rendered":"https:\/\/oedparts.com\/urun\/21110437-22431881-22584597-23289165-eksantrik-mili-volvo-trucks-2-160437\/"},"modified":"2025-09-02T17:36:46","modified_gmt":"2025-09-02T14:36:46","slug":"21110437-22431881-22584597-23289165-eksantrik-mili-volvo-trucks-2-160437","status":"publish","type":"product","link":"https:\/\/oedparts.com\/ru\/urun\/21110437-22431881-22584597-23289165-eksantrik-mili-volvo-trucks-2-160437\/","title":{"rendered":"21110437 &#8211; 22431881 &#8211; 22584597 &#8211; 23289165 &#8211; EKSANTR\u0130K M\u0130L\u0130 &#8211; VOLVO TRUCKS &#8211; 2.160437"},"content":{"rendered":"","protected":false},"excerpt":{"rendered":"<p>21110437 &#8211; 22431881 &#8211; 22584597 &#8211; 23289165 &#8211; EKSANTR\u0130K M\u0130L\u0130 &#8211; VOLVO TRUCKS<\/p>\n","protected":false},"featured_media":25216,"comment_status":"closed","ping_status":"open","template":"","meta":[],"product_brand":[],"product_cat":[12471],"product_tag":[],"class_list":{"0":"post-25215","1":"product","2":"type-product","3":"status-publish","4":"has-post-thumbnail","6":"product_cat-volvo-trucks","7":"pa_arac-tipi-avrupa","8":"pa_marka-volvo-trucks","9":"pa_model-fh-fm","10":"pa_oed-no-2-160437","11":"pa_oem-no-21110437-22431881-22584597-23289165","12":"pa_urun-adi-eksantrik-mili","14":"first","15":"instock","16":"product-type-simple"},"_links":{"self":[{"href":"https:\/\/oedparts.com\/ru\/wp-json\/wp\/v2\/product\/25215","targetHints":{"allow":["GET"]}}],"collection":[{"href":"https:\/\/oedparts.com\/ru\/wp-json\/wp\/v2\/product"}],"about":[{"href":"https:\/\/oedparts.com\/ru\/wp-json\/wp\/v2\/types\/product"}],"replies":[{"embeddable":true,"href":"https:\/\/oedparts.com\/ru\/wp-json\/wp\/v2\/comments?post=25215"}],"wp:featuredmedia":[{"embeddable":true,"href":"https:\/\/oedparts.com\/ru\/wp-json\/wp\/v2\/media\/25216"}],"wp:attachment":[{"href":"https:\/\/oedparts.com\/ru\/wp-json\/wp\/v2\/media?parent=25215"}],"wp:term":[{"taxonomy":"product_brand","embeddable":true,"href":"https:\/\/oedparts.com\/ru\/wp-json\/wp\/v2\/product_brand?post=25215"},{"taxonomy":"product_cat","embeddable":true,"href":"https:\/\/oedparts.com\/ru\/wp-json\/wp\/v2\/product_cat?post=25215"},{"taxonomy":"product_tag","embeddable":true,"href":"https:\/\/oedparts.com\/ru\/wp-json\/wp\/v2\/product_tag?post=25215"}],"curies":[{"name":"wp","href":"https:\/\/api.w.org\/{rel}","templated":true}]}}