{"id":24896,"date":"2025-09-02T17:35:21","date_gmt":"2025-09-02T14:35:21","guid":{"rendered":"https:\/\/oedparts.com\/urun\/1609886-5001860395-sanziman-ventili-daf-10-859886\/"},"modified":"2025-09-02T17:35:33","modified_gmt":"2025-09-02T14:35:33","slug":"1609886-5001860395-sanziman-ventili-daf-10-859886","status":"publish","type":"product","link":"https:\/\/oedparts.com\/ru\/urun\/1609886-5001860395-sanziman-ventili-daf-10-859886\/","title":{"rendered":"1609886 &#8211; 5001860395 &#8211; \u015eANZIMAN VENT\u0130L\u0130 &#8211; DAF &#8211; 10.859886"},"content":{"rendered":"","protected":false},"excerpt":{"rendered":"<p>1609886 &#8211; 5001860395 &#8211; \u015eANZIMAN VENT\u0130L\u0130 &#8211; DAF<\/p>\n","protected":false},"featured_media":24897,"comment_status":"closed","ping_status":"open","template":"","meta":[],"product_brand":[],"product_cat":[12469,12481],"product_tag":[],"class_list":{"0":"post-24896","1":"product","2":"type-product","3":"status-publish","4":"has-post-thumbnail","6":"product_cat-daf","7":"product_cat-renault-trucks","8":"pa_arac-tipi-avrupa","9":"pa_marka-daf-renault-trucks","10":"pa_model-cf-xf-kerax-midlum-premium","11":"pa_oed-no-10-859886","12":"pa_oem-no-1609886-5001860395","13":"pa_urun-adi-sanziman-ventili","15":"first","16":"instock","17":"product-type-simple"},"_links":{"self":[{"href":"https:\/\/oedparts.com\/ru\/wp-json\/wp\/v2\/product\/24896","targetHints":{"allow":["GET"]}}],"collection":[{"href":"https:\/\/oedparts.com\/ru\/wp-json\/wp\/v2\/product"}],"about":[{"href":"https:\/\/oedparts.com\/ru\/wp-json\/wp\/v2\/types\/product"}],"replies":[{"embeddable":true,"href":"https:\/\/oedparts.com\/ru\/wp-json\/wp\/v2\/comments?post=24896"}],"wp:featuredmedia":[{"embeddable":true,"href":"https:\/\/oedparts.com\/ru\/wp-json\/wp\/v2\/media\/24897"}],"wp:attachment":[{"href":"https:\/\/oedparts.com\/ru\/wp-json\/wp\/v2\/media?parent=24896"}],"wp:term":[{"taxonomy":"product_brand","embeddable":true,"href":"https:\/\/oedparts.com\/ru\/wp-json\/wp\/v2\/product_brand?post=24896"},{"taxonomy":"product_cat","embeddable":true,"href":"https:\/\/oedparts.com\/ru\/wp-json\/wp\/v2\/product_cat?post=24896"},{"taxonomy":"product_tag","embeddable":true,"href":"https:\/\/oedparts.com\/ru\/wp-json\/wp\/v2\/product_tag?post=24896"}],"curies":[{"name":"wp","href":"https:\/\/api.w.org\/{rel}","templated":true}]}}