{"id":24828,"date":"2025-09-02T17:34:59","date_gmt":"2025-09-02T14:34:59","guid":{"rendered":"https:\/\/oedparts.com\/urun\/1506232-6500672-cf352132-5021170238-1738426-yuk-ayar-ventili-universal-10-568426\/"},"modified":"2025-09-02T17:35:08","modified_gmt":"2025-09-02T14:35:08","slug":"1506232-6500672-cf352132-5021170238-1738426-yuk-ayar-ventili-universal-10-568426","status":"publish","type":"product","link":"https:\/\/oedparts.com\/ru\/urun\/1506232-6500672-cf352132-5021170238-1738426-yuk-ayar-ventili-universal-10-568426\/","title":{"rendered":"1506232 &#8211; 6500672 &#8211; CF352132 &#8211; 5021170238 &#8211; 1738426 &#8211; Y\u00dcK AYAR VENT\u0130L\u0130 &#8211; UNIVERSAL &#8211; 10.568426"},"content":{"rendered":"","protected":false},"excerpt":{"rendered":"<p>1506232 &#8211; 6500672 &#8211; CF352132 &#8211; 5021170238 &#8211; 1738426 &#8211; Y\u00dcK AYAR VENT\u0130L\u0130 &#8211; UNIVERSAL<\/p>\n","protected":false},"featured_media":24829,"comment_status":"closed","ping_status":"open","template":"","meta":[],"product_brand":[],"product_cat":[12683],"product_tag":[],"class_list":{"0":"post-24828","1":"product","2":"type-product","3":"status-publish","4":"has-post-thumbnail","6":"product_cat-universal","7":"pa_arac-tipi-avrupa","8":"pa_marka-universal","9":"pa_oed-no-10-568426","10":"pa_oem-no-1506232-6500672-cf352132-5021170238-1738426","11":"pa_urun-adi-yuk-ayar-ventili","13":"first","14":"instock","15":"product-type-simple"},"_links":{"self":[{"href":"https:\/\/oedparts.com\/ru\/wp-json\/wp\/v2\/product\/24828","targetHints":{"allow":["GET"]}}],"collection":[{"href":"https:\/\/oedparts.com\/ru\/wp-json\/wp\/v2\/product"}],"about":[{"href":"https:\/\/oedparts.com\/ru\/wp-json\/wp\/v2\/types\/product"}],"replies":[{"embeddable":true,"href":"https:\/\/oedparts.com\/ru\/wp-json\/wp\/v2\/comments?post=24828"}],"wp:featuredmedia":[{"embeddable":true,"href":"https:\/\/oedparts.com\/ru\/wp-json\/wp\/v2\/media\/24829"}],"wp:attachment":[{"href":"https:\/\/oedparts.com\/ru\/wp-json\/wp\/v2\/media?parent=24828"}],"wp:term":[{"taxonomy":"product_brand","embeddable":true,"href":"https:\/\/oedparts.com\/ru\/wp-json\/wp\/v2\/product_brand?post=24828"},{"taxonomy":"product_cat","embeddable":true,"href":"https:\/\/oedparts.com\/ru\/wp-json\/wp\/v2\/product_cat?post=24828"},{"taxonomy":"product_tag","embeddable":true,"href":"https:\/\/oedparts.com\/ru\/wp-json\/wp\/v2\/product_tag?post=24828"}],"curies":[{"name":"wp","href":"https:\/\/api.w.org\/{rel}","templated":true}]}}