{"id":24751,"date":"2025-09-02T17:34:28","date_gmt":"2025-09-02T14:34:28","guid":{"rendered":"https:\/\/oedparts.com\/urun\/1325324-1506665-2090056-500003984-aja09181-yuk-ayar-ventili-universal-10-560056\/"},"modified":"2025-09-02T17:34:45","modified_gmt":"2025-09-02T14:34:45","slug":"1325324-1506665-2090056-500003984-aja09181-yuk-ayar-ventili-universal-10-560056","status":"publish","type":"product","link":"https:\/\/oedparts.com\/ru\/urun\/1325324-1506665-2090056-500003984-aja09181-yuk-ayar-ventili-universal-10-560056\/","title":{"rendered":"1325324 &#8211; 1506665 &#8211; 2090056 &#8211; 500003984 &#8211; AJA09181 &#8211; Y\u00dcK AYAR VENT\u0130L\u0130 &#8211; UNIVERSAL &#8211; 10.560056"},"content":{"rendered":"","protected":false},"excerpt":{"rendered":"<p>1325324 &#8211; 1506665 &#8211; 2090056 &#8211; 500003984 &#8211; AJA09181 &#8211; Y\u00dcK AYAR VENT\u0130L\u0130 &#8211; UNIVERSAL<\/p>\n","protected":false},"featured_media":24752,"comment_status":"closed","ping_status":"open","template":"","meta":[],"product_brand":[],"product_cat":[12683],"product_tag":[],"class_list":{"0":"post-24751","1":"product","2":"type-product","3":"status-publish","4":"has-post-thumbnail","6":"product_cat-universal","7":"pa_arac-tipi-avrupa","8":"pa_marka-universal","9":"pa_oed-no-10-560056","10":"pa_oem-no-1325324-1506665-2090056-500003984-aja09181","11":"pa_urun-adi-yuk-ayar-ventili","13":"first","14":"instock","15":"product-type-simple"},"_links":{"self":[{"href":"https:\/\/oedparts.com\/ru\/wp-json\/wp\/v2\/product\/24751","targetHints":{"allow":["GET"]}}],"collection":[{"href":"https:\/\/oedparts.com\/ru\/wp-json\/wp\/v2\/product"}],"about":[{"href":"https:\/\/oedparts.com\/ru\/wp-json\/wp\/v2\/types\/product"}],"replies":[{"embeddable":true,"href":"https:\/\/oedparts.com\/ru\/wp-json\/wp\/v2\/comments?post=24751"}],"wp:featuredmedia":[{"embeddable":true,"href":"https:\/\/oedparts.com\/ru\/wp-json\/wp\/v2\/media\/24752"}],"wp:attachment":[{"href":"https:\/\/oedparts.com\/ru\/wp-json\/wp\/v2\/media?parent=24751"}],"wp:term":[{"taxonomy":"product_brand","embeddable":true,"href":"https:\/\/oedparts.com\/ru\/wp-json\/wp\/v2\/product_brand?post=24751"},{"taxonomy":"product_cat","embeddable":true,"href":"https:\/\/oedparts.com\/ru\/wp-json\/wp\/v2\/product_cat?post=24751"},{"taxonomy":"product_tag","embeddable":true,"href":"https:\/\/oedparts.com\/ru\/wp-json\/wp\/v2\/product_tag?post=24751"}],"curies":[{"name":"wp","href":"https:\/\/api.w.org\/{rel}","templated":true}]}}