{"id":24741,"date":"2025-09-02T17:34:28","date_gmt":"2025-09-02T14:34:28","guid":{"rendered":"https:\/\/oedparts.com\/urun\/1738480-3987121-7403987121-0014203524-0203273100-fren-korugu-universal-10-559000\/"},"modified":"2025-09-02T17:34:44","modified_gmt":"2025-09-02T14:34:44","slug":"1738480-3987121-7403987121-0014203524-0203273100-fren-korugu-universal-10-559000","status":"publish","type":"product","link":"https:\/\/oedparts.com\/ru\/urun\/1738480-3987121-7403987121-0014203524-0203273100-fren-korugu-universal-10-559000\/","title":{"rendered":"1738480 &#8211; 3987121 &#8211; 7403987121 &#8211; 0014203524 &#8211; 0203273100 &#8211; FREN K\u00d6R\u00dc\u011e\u00dc &#8211; UNIVERSAL &#8211; 10.559000"},"content":{"rendered":"","protected":false},"excerpt":{"rendered":"<p>1738480 &#8211; 3987121 &#8211; 7403987121 &#8211; 0014203524 &#8211; 0203273100 &#8211; FREN K\u00d6R\u00dc\u011e\u00dc &#8211; UNIVERSAL<\/p>\n","protected":false},"featured_media":24742,"comment_status":"closed","ping_status":"open","template":"","meta":[],"product_brand":[],"product_cat":[12683],"product_tag":[],"class_list":{"0":"post-24741","1":"product","2":"type-product","3":"status-publish","4":"has-post-thumbnail","6":"product_cat-universal","7":"pa_arac-tipi-avrupa","8":"pa_marka-universal","9":"pa_oed-no-10-559000","10":"pa_oem-no-1738480-3987121-7403987121-0014203524-0203273100","11":"pa_urun-adi-fren-korugu","13":"first","14":"instock","15":"product-type-simple"},"_links":{"self":[{"href":"https:\/\/oedparts.com\/ru\/wp-json\/wp\/v2\/product\/24741","targetHints":{"allow":["GET"]}}],"collection":[{"href":"https:\/\/oedparts.com\/ru\/wp-json\/wp\/v2\/product"}],"about":[{"href":"https:\/\/oedparts.com\/ru\/wp-json\/wp\/v2\/types\/product"}],"replies":[{"embeddable":true,"href":"https:\/\/oedparts.com\/ru\/wp-json\/wp\/v2\/comments?post=24741"}],"wp:featuredmedia":[{"embeddable":true,"href":"https:\/\/oedparts.com\/ru\/wp-json\/wp\/v2\/media\/24742"}],"wp:attachment":[{"href":"https:\/\/oedparts.com\/ru\/wp-json\/wp\/v2\/media?parent=24741"}],"wp:term":[{"taxonomy":"product_brand","embeddable":true,"href":"https:\/\/oedparts.com\/ru\/wp-json\/wp\/v2\/product_brand?post=24741"},{"taxonomy":"product_cat","embeddable":true,"href":"https:\/\/oedparts.com\/ru\/wp-json\/wp\/v2\/product_cat?post=24741"},{"taxonomy":"product_tag","embeddable":true,"href":"https:\/\/oedparts.com\/ru\/wp-json\/wp\/v2\/product_tag?post=24741"}],"curies":[{"name":"wp","href":"https:\/\/api.w.org\/{rel}","templated":true}]}}