{"id":24740,"date":"2025-09-02T17:34:28","date_gmt":"2025-09-02T14:34:28","guid":{"rendered":"https:\/\/oedparts.com\/urun\/21423487-7421283618-0884493-1935452-68323862-9254813400-disk-tipi-fren-korugu-volvo-trucks-10-553400\/"},"modified":"2025-09-02T17:34:41","modified_gmt":"2025-09-02T14:34:41","slug":"21423487-7421283618-0884493-1935452-68323862-9254813400-disk-tipi-fren-korugu-volvo-trucks-10-553400","status":"publish","type":"product","link":"https:\/\/oedparts.com\/ru\/urun\/21423487-7421283618-0884493-1935452-68323862-9254813400-disk-tipi-fren-korugu-volvo-trucks-10-553400\/","title":{"rendered":"21423487 &#8211; 7421283618 &#8211; 0884493 &#8211; 1935452 &#8211; 68323862 &#8211; 9254813400 &#8211; D\u0130SK T\u0130P\u0130 FREN K\u00d6R\u00dc\u011e\u00dc &#8211; VOLVO TRUCKS &#8211; 10.553400"},"content":{"rendered":"","protected":false},"excerpt":{"rendered":"<p>21423487 &#8211; 7421283618 &#8211; 0884493 &#8211; 1935452 &#8211; 68323862 &#8211; 9254813400 &#8211; D\u0130SK T\u0130P\u0130 FREN K\u00d6R\u00dc\u011e\u00dc &#8211; VOLVO TRUCKS<\/p>\n","protected":false},"featured_media":0,"comment_status":"closed","ping_status":"open","template":"","meta":[],"product_brand":[],"product_cat":[12471],"product_tag":[],"class_list":{"0":"post-24740","1":"product","2":"type-product","3":"status-publish","5":"product_cat-volvo-trucks","6":"pa_arac-tipi-avrupa","7":"pa_marka-volvo-trucks","8":"pa_model-fh-fm","9":"pa_oed-no-10-553400","10":"pa_oem-no-21423487-7421283618-0884493-1935452-68323862-9254813400","11":"pa_urun-adi-disk-tipi-fren-korugu","13":"first","14":"instock","15":"product-type-simple"},"_links":{"self":[{"href":"https:\/\/oedparts.com\/ru\/wp-json\/wp\/v2\/product\/24740","targetHints":{"allow":["GET"]}}],"collection":[{"href":"https:\/\/oedparts.com\/ru\/wp-json\/wp\/v2\/product"}],"about":[{"href":"https:\/\/oedparts.com\/ru\/wp-json\/wp\/v2\/types\/product"}],"replies":[{"embeddable":true,"href":"https:\/\/oedparts.com\/ru\/wp-json\/wp\/v2\/comments?post=24740"}],"wp:attachment":[{"href":"https:\/\/oedparts.com\/ru\/wp-json\/wp\/v2\/media?parent=24740"}],"wp:term":[{"taxonomy":"product_brand","embeddable":true,"href":"https:\/\/oedparts.com\/ru\/wp-json\/wp\/v2\/product_brand?post=24740"},{"taxonomy":"product_cat","embeddable":true,"href":"https:\/\/oedparts.com\/ru\/wp-json\/wp\/v2\/product_cat?post=24740"},{"taxonomy":"product_tag","embeddable":true,"href":"https:\/\/oedparts.com\/ru\/wp-json\/wp\/v2\/product_tag?post=24740"}],"curies":[{"name":"wp","href":"https:\/\/api.w.org\/{rel}","templated":true}]}}