{"id":24612,"date":"2025-09-02T17:33:27","date_gmt":"2025-09-02T14:33:27","guid":{"rendered":"https:\/\/oedparts.com\/urun\/0440008015-314gc227-mazot-el-otomatigi-mack-10-40c227\/"},"modified":"2025-09-02T17:33:36","modified_gmt":"2025-09-02T14:33:36","slug":"0440008015-314gc227-mazot-el-otomatigi-mack-10-40c227","status":"publish","type":"product","link":"https:\/\/oedparts.com\/ru\/urun\/0440008015-314gc227-mazot-el-otomatigi-mack-10-40c227\/","title":{"rendered":"0440008015 &#8211; 314GC227 &#8211; MAZOT EL OTOMAT\u0130\u011e\u0130 &#8211; MACK &#8211; 10.40C227"},"content":{"rendered":"","protected":false},"excerpt":{"rendered":"<p>0440008015 &#8211; 314GC227 &#8211; MAZOT EL OTOMAT\u0130\u011e\u0130 &#8211; MACK<\/p>\n","protected":false},"featured_media":24613,"comment_status":"closed","ping_status":"open","template":"","meta":[],"product_brand":[],"product_cat":[12748],"product_tag":[],"class_list":{"0":"post-24612","1":"product","2":"type-product","3":"status-publish","4":"has-post-thumbnail","6":"product_cat-mack","7":"pa_arac-tipi-avrupa-amerikan","8":"pa_marka-mack","9":"pa_model-e6-e7-series","10":"pa_oed-no-10-40c227","11":"pa_oem-no-0440008015-314gc227","12":"pa_urun-adi-mazot-el-otomatigi","14":"first","15":"instock","16":"product-type-simple"},"_links":{"self":[{"href":"https:\/\/oedparts.com\/ru\/wp-json\/wp\/v2\/product\/24612","targetHints":{"allow":["GET"]}}],"collection":[{"href":"https:\/\/oedparts.com\/ru\/wp-json\/wp\/v2\/product"}],"about":[{"href":"https:\/\/oedparts.com\/ru\/wp-json\/wp\/v2\/types\/product"}],"replies":[{"embeddable":true,"href":"https:\/\/oedparts.com\/ru\/wp-json\/wp\/v2\/comments?post=24612"}],"wp:featuredmedia":[{"embeddable":true,"href":"https:\/\/oedparts.com\/ru\/wp-json\/wp\/v2\/media\/24613"}],"wp:attachment":[{"href":"https:\/\/oedparts.com\/ru\/wp-json\/wp\/v2\/media?parent=24612"}],"wp:term":[{"taxonomy":"product_brand","embeddable":true,"href":"https:\/\/oedparts.com\/ru\/wp-json\/wp\/v2\/product_brand?post=24612"},{"taxonomy":"product_cat","embeddable":true,"href":"https:\/\/oedparts.com\/ru\/wp-json\/wp\/v2\/product_cat?post=24612"},{"taxonomy":"product_tag","embeddable":true,"href":"https:\/\/oedparts.com\/ru\/wp-json\/wp\/v2\/product_tag?post=24612"}],"curies":[{"name":"wp","href":"https:\/\/api.w.org\/{rel}","templated":true}]}}