{"id":24493,"date":"2025-09-02T17:32:58","date_gmt":"2025-09-02T14:32:58","guid":{"rendered":"https:\/\/oedparts.com\/urun\/nipel-12-10-mm-dusurucu-universal-10-001210\/"},"modified":"2025-09-02T17:33:04","modified_gmt":"2025-09-02T14:33:04","slug":"nipel-12-10-mm-dusurucu-universal-10-001210","status":"publish","type":"product","link":"https:\/\/oedparts.com\/ru\/urun\/nipel-12-10-mm-dusurucu-universal-10-001210\/","title":{"rendered":"&#8211; N\u0130PEL 12-10 MM D\u00dc\u015e\u00dcR\u00dcC\u00dc &#8211; UNIVERSAL &#8211; 10.001210"},"content":{"rendered":"","protected":false},"excerpt":{"rendered":"<p> &#8211; N\u0130PEL 12-10 MM D\u00dc\u015e\u00dcR\u00dcC\u00dc &#8211; UNIVERSAL<\/p>\n","protected":false},"featured_media":24494,"comment_status":"closed","ping_status":"open","template":"","meta":[],"product_brand":[],"product_cat":[12683],"product_tag":[],"class_list":{"0":"post-24493","1":"product","2":"type-product","3":"status-publish","4":"has-post-thumbnail","6":"product_cat-universal","7":"pa_arac-tipi-avrupa","8":"pa_marka-universal","9":"pa_oed-no-10-001210","10":"pa_urun-adi-nipel-12-10-mm-dusurucu","12":"first","13":"instock","14":"product-type-simple"},"_links":{"self":[{"href":"https:\/\/oedparts.com\/ru\/wp-json\/wp\/v2\/product\/24493","targetHints":{"allow":["GET"]}}],"collection":[{"href":"https:\/\/oedparts.com\/ru\/wp-json\/wp\/v2\/product"}],"about":[{"href":"https:\/\/oedparts.com\/ru\/wp-json\/wp\/v2\/types\/product"}],"replies":[{"embeddable":true,"href":"https:\/\/oedparts.com\/ru\/wp-json\/wp\/v2\/comments?post=24493"}],"wp:featuredmedia":[{"embeddable":true,"href":"https:\/\/oedparts.com\/ru\/wp-json\/wp\/v2\/media\/24494"}],"wp:attachment":[{"href":"https:\/\/oedparts.com\/ru\/wp-json\/wp\/v2\/media?parent=24493"}],"wp:term":[{"taxonomy":"product_brand","embeddable":true,"href":"https:\/\/oedparts.com\/ru\/wp-json\/wp\/v2\/product_brand?post=24493"},{"taxonomy":"product_cat","embeddable":true,"href":"https:\/\/oedparts.com\/ru\/wp-json\/wp\/v2\/product_cat?post=24493"},{"taxonomy":"product_tag","embeddable":true,"href":"https:\/\/oedparts.com\/ru\/wp-json\/wp\/v2\/product_tag?post=24493"}],"curies":[{"name":"wp","href":"https:\/\/api.w.org\/{rel}","templated":true}]}}