{"id":24323,"date":"2025-09-02T17:30:34","date_gmt":"2025-09-02T14:30:34","guid":{"rendered":"https:\/\/oedparts.com\/urun\/2246112-kabin-seviye-valf-cubugu-scania-1-736232\/"},"modified":"2025-09-02T17:30:44","modified_gmt":"2025-09-02T14:30:44","slug":"2246112-kabin-seviye-valf-cubugu-scania-1-736232","status":"publish","type":"product","link":"https:\/\/oedparts.com\/ru\/urun\/2246112-kabin-seviye-valf-cubugu-scania-1-736232\/","title":{"rendered":"2246112 &#8211; KAB\u0130N SEV\u0130YE VALF \u00c7UBU\u011eU &#8211; SCANIA &#8211; 1.736232"},"content":{"rendered":"","protected":false},"excerpt":{"rendered":"<p>2246112 &#8211; KAB\u0130N SEV\u0130YE VALF \u00c7UBU\u011eU &#8211; SCANIA<\/p>\n","protected":false},"featured_media":0,"comment_status":"closed","ping_status":"open","template":"","meta":[],"product_brand":[],"product_cat":[12460],"product_tag":[],"class_list":{"0":"post-24323","1":"product","2":"type-product","3":"status-publish","5":"product_cat-scania","6":"pa_arac-tipi-avrupa","7":"pa_marka-scania","8":"pa_model-p-g-r-t","9":"pa_oed-no-1-736232","10":"pa_oem-no-12513","11":"pa_urun-adi-kabin-seviye-valf-cubugu","13":"first","14":"instock","15":"product-type-simple"},"_links":{"self":[{"href":"https:\/\/oedparts.com\/ru\/wp-json\/wp\/v2\/product\/24323","targetHints":{"allow":["GET"]}}],"collection":[{"href":"https:\/\/oedparts.com\/ru\/wp-json\/wp\/v2\/product"}],"about":[{"href":"https:\/\/oedparts.com\/ru\/wp-json\/wp\/v2\/types\/product"}],"replies":[{"embeddable":true,"href":"https:\/\/oedparts.com\/ru\/wp-json\/wp\/v2\/comments?post=24323"}],"wp:attachment":[{"href":"https:\/\/oedparts.com\/ru\/wp-json\/wp\/v2\/media?parent=24323"}],"wp:term":[{"taxonomy":"product_brand","embeddable":true,"href":"https:\/\/oedparts.com\/ru\/wp-json\/wp\/v2\/product_brand?post=24323"},{"taxonomy":"product_cat","embeddable":true,"href":"https:\/\/oedparts.com\/ru\/wp-json\/wp\/v2\/product_cat?post=24323"},{"taxonomy":"product_tag","embeddable":true,"href":"https:\/\/oedparts.com\/ru\/wp-json\/wp\/v2\/product_tag?post=24323"}],"curies":[{"name":"wp","href":"https:\/\/api.w.org\/{rel}","templated":true}]}}