{"id":24198,"date":"2025-09-02T17:28:55","date_gmt":"2025-09-02T14:28:55","guid":{"rendered":"https:\/\/oedparts.com\/urun\/1429397-1793990-devirdaim-govdesi-scania-1-209397\/"},"modified":"2025-09-02T17:28:56","modified_gmt":"2025-09-02T14:28:56","slug":"1429397-1793990-devirdaim-govdesi-scania-1-209397","status":"publish","type":"product","link":"https:\/\/oedparts.com\/ru\/urun\/1429397-1793990-devirdaim-govdesi-scania-1-209397\/","title":{"rendered":"1429397 &#8211; 1793990 &#8211; DEV\u0130RDA\u0130M G\u00d6VDES\u0130 &#8211; SCANIA &#8211; 1.209397"},"content":{"rendered":"","protected":false},"excerpt":{"rendered":"<p>1429397 &#8211; 1793990 &#8211; DEV\u0130RDA\u0130M G\u00d6VDES\u0130 &#8211; SCANIA<\/p>\n","protected":false},"featured_media":23431,"comment_status":"closed","ping_status":"open","template":"","meta":[],"product_brand":[],"product_cat":[12460],"product_tag":[],"class_list":{"0":"post-24198","1":"product","2":"type-product","3":"status-publish","4":"has-post-thumbnail","6":"product_cat-scania","7":"pa_arac-tipi-avrupa","8":"pa_marka-scania","9":"pa_model-p-96-4-p-g-r-t","10":"pa_oed-no-1-209397","11":"pa_oem-no-1429397-1793990","12":"pa_urun-adi-devirdaim-govdesi","14":"first","15":"instock","16":"product-type-simple"},"_links":{"self":[{"href":"https:\/\/oedparts.com\/ru\/wp-json\/wp\/v2\/product\/24198","targetHints":{"allow":["GET"]}}],"collection":[{"href":"https:\/\/oedparts.com\/ru\/wp-json\/wp\/v2\/product"}],"about":[{"href":"https:\/\/oedparts.com\/ru\/wp-json\/wp\/v2\/types\/product"}],"replies":[{"embeddable":true,"href":"https:\/\/oedparts.com\/ru\/wp-json\/wp\/v2\/comments?post=24198"}],"wp:featuredmedia":[{"embeddable":true,"href":"https:\/\/oedparts.com\/ru\/wp-json\/wp\/v2\/media\/23431"}],"wp:attachment":[{"href":"https:\/\/oedparts.com\/ru\/wp-json\/wp\/v2\/media?parent=24198"}],"wp:term":[{"taxonomy":"product_brand","embeddable":true,"href":"https:\/\/oedparts.com\/ru\/wp-json\/wp\/v2\/product_brand?post=24198"},{"taxonomy":"product_cat","embeddable":true,"href":"https:\/\/oedparts.com\/ru\/wp-json\/wp\/v2\/product_cat?post=24198"},{"taxonomy":"product_tag","embeddable":true,"href":"https:\/\/oedparts.com\/ru\/wp-json\/wp\/v2\/product_tag?post=24198"}],"curies":[{"name":"wp","href":"https:\/\/api.w.org\/{rel}","templated":true}]}}