{"id":24154,"date":"2025-09-02T17:28:02","date_gmt":"2025-09-02T14:28:02","guid":{"rendered":"https:\/\/oedparts.com\/urun\/2304243-yag-circir-mili-scania-1-125436\/"},"modified":"2025-09-02T17:28:11","modified_gmt":"2025-09-02T14:28:11","slug":"2304243-yag-circir-mili-scania-1-125436","status":"publish","type":"product","link":"https:\/\/oedparts.com\/ru\/urun\/2304243-yag-circir-mili-scania-1-125436\/","title":{"rendered":"2304243 &#8211; YA\u011e CIRCIR M\u0130L\u0130 &#8211; SCANIA &#8211; 1.125436"},"content":{"rendered":"","protected":false},"excerpt":{"rendered":"<p>2304243 &#8211; YA\u011e CIRCIR M\u0130L\u0130 &#8211; SCANIA<\/p>\n","protected":false},"featured_media":0,"comment_status":"closed","ping_status":"open","template":"","meta":[],"product_brand":[],"product_cat":[12460],"product_tag":[],"class_list":{"0":"post-24154","1":"product","2":"type-product","3":"status-publish","5":"product_cat-scania","6":"pa_arac-tipi-avrupa","7":"pa_marka-scania","8":"pa_model-4-p-g-r-t-l-s","9":"pa_oed-no-1-125436","10":"pa_oem-no-11897","11":"pa_urun-adi-yag-circir-mili","13":"first","14":"instock","15":"product-type-simple"},"_links":{"self":[{"href":"https:\/\/oedparts.com\/ru\/wp-json\/wp\/v2\/product\/24154","targetHints":{"allow":["GET"]}}],"collection":[{"href":"https:\/\/oedparts.com\/ru\/wp-json\/wp\/v2\/product"}],"about":[{"href":"https:\/\/oedparts.com\/ru\/wp-json\/wp\/v2\/types\/product"}],"replies":[{"embeddable":true,"href":"https:\/\/oedparts.com\/ru\/wp-json\/wp\/v2\/comments?post=24154"}],"wp:attachment":[{"href":"https:\/\/oedparts.com\/ru\/wp-json\/wp\/v2\/media?parent=24154"}],"wp:term":[{"taxonomy":"product_brand","embeddable":true,"href":"https:\/\/oedparts.com\/ru\/wp-json\/wp\/v2\/product_brand?post=24154"},{"taxonomy":"product_cat","embeddable":true,"href":"https:\/\/oedparts.com\/ru\/wp-json\/wp\/v2\/product_cat?post=24154"},{"taxonomy":"product_tag","embeddable":true,"href":"https:\/\/oedparts.com\/ru\/wp-json\/wp\/v2\/product_tag?post=24154"}],"curies":[{"name":"wp","href":"https:\/\/api.w.org\/{rel}","templated":true}]}}