{"id":24150,"date":"2025-09-02T17:28:02","date_gmt":"2025-09-02T14:28:02","guid":{"rendered":"https:\/\/oedparts.com\/urun\/282663-362257-yag-circir-mili-scania-1-121809\/"},"modified":"2025-09-02T17:28:05","modified_gmt":"2025-09-02T14:28:05","slug":"282663-362257-yag-circir-mili-scania-1-121809","status":"publish","type":"product","link":"https:\/\/oedparts.com\/ru\/urun\/282663-362257-yag-circir-mili-scania-1-121809\/","title":{"rendered":"282663 &#8211; 362257 &#8211; YA\u011e CIRCIR M\u0130L\u0130 &#8211; SCANIA &#8211; 1.121809"},"content":{"rendered":"","protected":false},"excerpt":{"rendered":"<p>282663 &#8211; 362257 &#8211; YA\u011e CIRCIR M\u0130L\u0130 &#8211; SCANIA<\/p>\n","protected":false},"featured_media":0,"comment_status":"closed","ping_status":"open","template":"","meta":[],"product_brand":[],"product_cat":[12460],"product_tag":[],"class_list":{"0":"post-24150","1":"product","2":"type-product","3":"status-publish","5":"product_cat-scania","6":"pa_arac-tipi-avrupa","7":"pa_marka-scania","8":"pa_model-3-4-p-g-r-t","9":"pa_oed-no-1-121809","10":"pa_oem-no-282663-362257","11":"pa_urun-adi-yag-circir-mili","13":"first","14":"instock","15":"product-type-simple"},"_links":{"self":[{"href":"https:\/\/oedparts.com\/ru\/wp-json\/wp\/v2\/product\/24150","targetHints":{"allow":["GET"]}}],"collection":[{"href":"https:\/\/oedparts.com\/ru\/wp-json\/wp\/v2\/product"}],"about":[{"href":"https:\/\/oedparts.com\/ru\/wp-json\/wp\/v2\/types\/product"}],"replies":[{"embeddable":true,"href":"https:\/\/oedparts.com\/ru\/wp-json\/wp\/v2\/comments?post=24150"}],"wp:attachment":[{"href":"https:\/\/oedparts.com\/ru\/wp-json\/wp\/v2\/media?parent=24150"}],"wp:term":[{"taxonomy":"product_brand","embeddable":true,"href":"https:\/\/oedparts.com\/ru\/wp-json\/wp\/v2\/product_brand?post=24150"},{"taxonomy":"product_cat","embeddable":true,"href":"https:\/\/oedparts.com\/ru\/wp-json\/wp\/v2\/product_cat?post=24150"},{"taxonomy":"product_tag","embeddable":true,"href":"https:\/\/oedparts.com\/ru\/wp-json\/wp\/v2\/product_tag?post=24150"}],"curies":[{"name":"wp","href":"https:\/\/api.w.org\/{rel}","templated":true}]}}