{"id":29821,"date":"2025-09-02T18:07:58","date_gmt":"2025-09-02T15:07:58","guid":{"rendered":"https:\/\/oedparts.com\/urun\/81-44205-6036-81-44205-6040-81-44205-6042-dingil-tamir-takimi-man-6-906036\/"},"modified":"2025-09-02T18:08:00","modified_gmt":"2025-09-02T15:08:00","slug":"81-44205-6036-81-44205-6040-81-44205-6042-dingil-tamir-takimi-man-6-906036","status":"publish","type":"product","link":"https:\/\/oedparts.com\/es\/urun\/81-44205-6036-81-44205-6040-81-44205-6042-dingil-tamir-takimi-man-6-906036\/","title":{"rendered":"81.44205.6036 &#8211; 81.44205.6040 &#8211; 81.44205.6042 &#8211; D\u0130NG\u0130L TAM\u0130R TAKIMI &#8211; MAN &#8211; 6.906036"},"content":{"rendered":"","protected":false},"excerpt":{"rendered":"<p>81.44205.6036 &#8211; 81.44205.6040 &#8211; 81.44205.6042 &#8211; D\u0130NG\u0130L TAM\u0130R TAKIMI &#8211; MAN<\/p>\n","protected":false},"featured_media":29822,"comment_status":"closed","ping_status":"open","template":"","meta":[],"product_brand":[],"product_cat":[12476],"product_tag":[],"class_list":{"0":"post-29821","1":"product","2":"type-product","3":"status-publish","4":"has-post-thumbnail","6":"product_cat-man","7":"pa_arac-tipi-avrupa","8":"pa_marka-man","9":"pa_model-tga-tgs-tgx","10":"pa_oed-no-6-906036","11":"pa_oem-no-81-44205-6036-81-44205-6040-81-44205-6042","12":"pa_urun-adi-dingil-tamir-takimi","14":"first","15":"instock","16":"product-type-simple"},"_links":{"self":[{"href":"https:\/\/oedparts.com\/es\/wp-json\/wp\/v2\/product\/29821","targetHints":{"allow":["GET"]}}],"collection":[{"href":"https:\/\/oedparts.com\/es\/wp-json\/wp\/v2\/product"}],"about":[{"href":"https:\/\/oedparts.com\/es\/wp-json\/wp\/v2\/types\/product"}],"replies":[{"embeddable":true,"href":"https:\/\/oedparts.com\/es\/wp-json\/wp\/v2\/comments?post=29821"}],"wp:featuredmedia":[{"embeddable":true,"href":"https:\/\/oedparts.com\/es\/wp-json\/wp\/v2\/media\/29822"}],"wp:attachment":[{"href":"https:\/\/oedparts.com\/es\/wp-json\/wp\/v2\/media?parent=29821"}],"wp:term":[{"taxonomy":"product_brand","embeddable":true,"href":"https:\/\/oedparts.com\/es\/wp-json\/wp\/v2\/product_brand?post=29821"},{"taxonomy":"product_cat","embeddable":true,"href":"https:\/\/oedparts.com\/es\/wp-json\/wp\/v2\/product_cat?post=29821"},{"taxonomy":"product_tag","embeddable":true,"href":"https:\/\/oedparts.com\/es\/wp-json\/wp\/v2\/product_tag?post=29821"}],"curies":[{"name":"wp","href":"https:\/\/api.w.org\/{rel}","templated":true}]}}