{"id":29805,"date":"2025-09-02T18:07:09","date_gmt":"2025-09-02T15:07:09","guid":{"rendered":"https:\/\/oedparts.com\/urun\/81303010433-debriyaj-diski-man-6-843772\/"},"modified":"2025-09-02T18:07:20","modified_gmt":"2025-09-02T15:07:20","slug":"81303010433-debriyaj-diski-man-6-843772","status":"publish","type":"product","link":"https:\/\/oedparts.com\/es\/urun\/81303010433-debriyaj-diski-man-6-843772\/","title":{"rendered":"81303010433 &#8211; DEBR\u0130YAJ D\u0130SK\u0130 &#8211; MAN &#8211; 6.843772"},"content":{"rendered":"","protected":false},"excerpt":{"rendered":"<p>81303010433 &#8211; DEBR\u0130YAJ D\u0130SK\u0130 &#8211; MAN<\/p>\n","protected":false},"featured_media":29806,"comment_status":"closed","ping_status":"open","template":"","meta":[],"product_brand":[],"product_cat":[12476],"product_tag":[],"class_list":{"0":"post-29805","1":"product","2":"type-product","3":"status-publish","4":"has-post-thumbnail","6":"product_cat-man","7":"pa_arac-tipi-avrupa","8":"pa_marka-man","9":"pa_model-tga-tgl-tgm","10":"pa_oed-no-6-843772","11":"pa_oem-no-15917","12":"pa_urun-adi-debriyaj-diski","14":"first","15":"instock","16":"product-type-simple"},"_links":{"self":[{"href":"https:\/\/oedparts.com\/es\/wp-json\/wp\/v2\/product\/29805","targetHints":{"allow":["GET"]}}],"collection":[{"href":"https:\/\/oedparts.com\/es\/wp-json\/wp\/v2\/product"}],"about":[{"href":"https:\/\/oedparts.com\/es\/wp-json\/wp\/v2\/types\/product"}],"replies":[{"embeddable":true,"href":"https:\/\/oedparts.com\/es\/wp-json\/wp\/v2\/comments?post=29805"}],"wp:featuredmedia":[{"embeddable":true,"href":"https:\/\/oedparts.com\/es\/wp-json\/wp\/v2\/media\/29806"}],"wp:attachment":[{"href":"https:\/\/oedparts.com\/es\/wp-json\/wp\/v2\/media?parent=29805"}],"wp:term":[{"taxonomy":"product_brand","embeddable":true,"href":"https:\/\/oedparts.com\/es\/wp-json\/wp\/v2\/product_brand?post=29805"},{"taxonomy":"product_cat","embeddable":true,"href":"https:\/\/oedparts.com\/es\/wp-json\/wp\/v2\/product_cat?post=29805"},{"taxonomy":"product_tag","embeddable":true,"href":"https:\/\/oedparts.com\/es\/wp-json\/wp\/v2\/product_tag?post=29805"}],"curies":[{"name":"wp","href":"https:\/\/api.w.org\/{rel}","templated":true}]}}