{"id":29760,"date":"2025-09-02T18:07:09","date_gmt":"2025-09-02T15:07:09","guid":{"rendered":"https:\/\/oedparts.com\/urun\/85417236038-85417236052-kabin-kaldirma-silindiri-man-6-716038\/"},"modified":"2025-09-02T18:07:13","modified_gmt":"2025-09-02T15:07:13","slug":"85417236038-85417236052-kabin-kaldirma-silindiri-man-6-716038","status":"publish","type":"product","link":"https:\/\/oedparts.com\/es\/urun\/85417236038-85417236052-kabin-kaldirma-silindiri-man-6-716038\/","title":{"rendered":"85417236038 &#8211; 85417236052 &#8211; KAB\u0130N KALDIRMA S\u0130L\u0130ND\u0130R\u0130 &#8211; MAN &#8211; 6.716038"},"content":{"rendered":"","protected":false},"excerpt":{"rendered":"<p>85417236038 &#8211; 85417236052 &#8211; KAB\u0130N KALDIRMA S\u0130L\u0130ND\u0130R\u0130 &#8211; MAN<\/p>\n","protected":false},"featured_media":29761,"comment_status":"closed","ping_status":"open","template":"","meta":[],"product_brand":[],"product_cat":[12476],"product_tag":[],"class_list":{"0":"post-29760","1":"product","2":"type-product","3":"status-publish","4":"has-post-thumbnail","6":"product_cat-man","7":"pa_arac-tipi-avrupa","8":"pa_marka-man","9":"pa_model-tgl-tgm","10":"pa_oed-no-6-716038","11":"pa_oem-no-85417236038-85417236052","12":"pa_urun-adi-kabin-kaldirma-silindiri","14":"first","15":"instock","16":"product-type-simple"},"_links":{"self":[{"href":"https:\/\/oedparts.com\/es\/wp-json\/wp\/v2\/product\/29760","targetHints":{"allow":["GET"]}}],"collection":[{"href":"https:\/\/oedparts.com\/es\/wp-json\/wp\/v2\/product"}],"about":[{"href":"https:\/\/oedparts.com\/es\/wp-json\/wp\/v2\/types\/product"}],"replies":[{"embeddable":true,"href":"https:\/\/oedparts.com\/es\/wp-json\/wp\/v2\/comments?post=29760"}],"wp:featuredmedia":[{"embeddable":true,"href":"https:\/\/oedparts.com\/es\/wp-json\/wp\/v2\/media\/29761"}],"wp:attachment":[{"href":"https:\/\/oedparts.com\/es\/wp-json\/wp\/v2\/media?parent=29760"}],"wp:term":[{"taxonomy":"product_brand","embeddable":true,"href":"https:\/\/oedparts.com\/es\/wp-json\/wp\/v2\/product_brand?post=29760"},{"taxonomy":"product_cat","embeddable":true,"href":"https:\/\/oedparts.com\/es\/wp-json\/wp\/v2\/product_cat?post=29760"},{"taxonomy":"product_tag","embeddable":true,"href":"https:\/\/oedparts.com\/es\/wp-json\/wp\/v2\/product_tag?post=29760"}],"curies":[{"name":"wp","href":"https:\/\/api.w.org\/{rel}","templated":true}]}}